{"id":8697,"date":"2024-09-14T16:58:25","date_gmt":"2024-09-14T08:58:25","guid":{"rendered":"https:\/\/www.enigmatictibettravel.com\/privacy-policy"},"modified":"2025-06-05T17:35:55","modified_gmt":"2025-06-05T09:35:55","slug":"privacy-policy","status":"publish","type":"page","link":"https:\/\/www.enigmatictibettravel.com\/pt-pt\/privacy-policy","title":{"rendered":"Pol\u00edtica de Privacidade"},"content":{"rendered":"<p data-start=\"1485\" data-end=\"1725\">Bem-vindo ao nosso site <a class=\"\" href=\"https:\/\/www.enigmatictibettravel.com\/pt-pt\" target=\"_new\" rel=\"noopener\" data-start=\"1509\" data-end=\"1545\">https:\/\/www.enigmatictibettravel.com<\/a> (doravante denominado \u201cn\u00f3s\u201d ou \u201ceste site\u201d). Esta Pol\u00edtica de Privacidade tem como objetivo explicar como coletamos, usamos, compartilhamos e protegemos suas informa\u00e7\u00f5es pessoais.<\/p>\n<h2>1. Informa\u00e7\u00f5es que coletamos<\/h2>\n<p data-start=\"106\" data-end=\"218\">Ao visitar ou utilizar este site, podemos coletar as seguintes informa\u00e7\u00f5es:<br \/>\nInforma\u00e7\u00f5es pessoais de identifica\u00e7\u00e3o como nome, e-mail, telefone, nacionalidade e dados do passaporte<br data-start=\"312\" data-end=\"315\" \/>Informa\u00e7\u00f5es de reserva e viagem como prefer\u00eancias de viagem, itiner\u00e1rios e necessidades de hospedagem<br data-start=\"416\" data-end=\"419\" data-is-only-node=\"\" \/>Informa\u00e7\u00f5es de pagamento processadas por plataformas terceirizadas como Stripe ou PayPal; n\u00e3o armazenamos diretamente os dados do seu cart\u00e3o banc\u00e1rio<br data-start=\"568\" data-end=\"571\" \/>Informa\u00e7\u00f5es do dispositivo como endere\u00e7o IP, tipo de navegador, sistema operacional e origem de acesso<br data-start=\"673\" data-end=\"676\" \/>Cookies e dados de uso utilizados para an\u00e1lise e otimiza\u00e7\u00e3o do desempenho do site<\/p>\n<h2>2. Como usamos suas informa\u00e7\u00f5es<\/h2>\n<p>As informa\u00e7\u00f5es coletadas podem ser utilizadas para os seguintes fins\uff1a<br \/>\nProcessar suas reservas e entrar em contato com voc\u00ea<br data-start=\"921\" data-end=\"924\" \/>Organizar os servi\u00e7os de viagem como a obten\u00e7\u00e3o da permiss\u00e3o de entrada no Tibete<br data-start=\"1005\" data-end=\"1008\" \/>Melhorar a experi\u00eancia do usu\u00e1rio e o conte\u00fado do site<br data-start=\"1062\" data-end=\"1065\" \/>Enviar lembretes de itiner\u00e1rio, dicas de viagem ou promo\u00e7\u00f5es; voc\u00ea pode cancelar a assinatura a qualquer momento<br data-start=\"1177\" data-end=\"1180\" \/>Cumprir exig\u00eancias legais e regulat\u00f3rias aplic\u00e1veis<\/p>\n<h2>3. Compartilhamento de informa\u00e7\u00f5es<\/h2>\n<p>Suas informa\u00e7\u00f5es podem ser compartilhadas nas seguintes situa\u00e7\u00f5es\uff1a<br \/>\nCom fornecedores locais ou guias de turismo, quando necess\u00e1rio para a presta\u00e7\u00e3o dos servi\u00e7os contratados<br data-start=\"1447\" data-end=\"1450\" \/>Com autoridades governamentais, quando exigido por lei como na solicita\u00e7\u00e3o de permiss\u00f5es de viagem<br data-start=\"1548\" data-end=\"1551\" \/>Com plataformas de pagamento como Stripe e PayPal para fins de processamento de pagamento<br data-start=\"1640\" data-end=\"1643\" \/>N\u00e3o vendemos nem alugamos suas informa\u00e7\u00f5es pessoais a terceiros sob nenhuma circunst\u00e2ncia<\/p>\n<h2>4. Armazenamento e reten\u00e7\u00e3o de dados<\/h2>\n<p>Reteremos suas informa\u00e7\u00f5es pessoais apenas pelo tempo necess\u00e1rio \u00e0 presta\u00e7\u00e3o dos servi\u00e7os. Ap\u00f3s este per\u00edodo, seus dados ser\u00e3o exclu\u00eddos com seguran\u00e7a, conforme as exig\u00eancias legais. Caso deseje que seus dados sejam removidos, entre em contato conosco a qualquer momento.<\/p>\n<h2>5. Seus direitos<\/h2>\n<p>Voc\u00ea tem o direito de\uff1a<br data-start=\"2095\" data-end=\"2098\" \/>Acessar, corrigir ou excluir seus dados pessoais<br data-start=\"2146\" data-end=\"2149\" \/>Cancelar a inscri\u00e7\u00e3o em e-mails promocionais<br data-start=\"2193\" data-end=\"2196\" \/>Entrar em contato conosco a qualquer momento para assuntos relacionados \u00e0 privacidade<br data-start=\"2281\" data-end=\"2284\" \/>Contato\uff1a+44 7785 905065<\/p>\n<h2>6. Seguran\u00e7a da informa\u00e7\u00e3o<\/h2>\n<p>Adotamos medidas de seguran\u00e7a razo\u00e1veis para proteger seus dados. No entanto, nenhuma transmiss\u00e3o pela internet \u00e9 totalmente segura. Caso detecte qualquer atividade suspeita em sua conta, entre em contato conosco imediatamente.<\/p>\n<h2>7. Uso de Cookies<\/h2>\n<p>Utilizamos cookies para melhorar sua experi\u00eancia de navega\u00e7\u00e3o e analisar o tr\u00e1fego do site. Ao continuar utilizando o site, voc\u00ea concorda com o uso de cookies. Voc\u00ea pode gerenciar suas prefer\u00eancias de cookies diretamente em seu navegador.<\/p>\n<h2>8. Altera\u00e7\u00f5es na pol\u00edtica<\/h2>\n<p>Esta pol\u00edtica de privacidade pode ser modificada em virtude de atualiza\u00e7\u00f5es nos servi\u00e7os ou de exig\u00eancias legais. Quaisquer altera\u00e7\u00f5es ser\u00e3o publicadas nesta p\u00e1gina com a data de vig\u00eancia atualizada.<\/p>\n<h2>9. Fale conosco<\/h2>\n<p>Se tiver d\u00favidas ou solicita\u00e7\u00f5es relacionadas a esta pol\u00edtica, entre em contato por\uff1a<br data-start=\"3402\" data-end=\"3405\" \/>E-mail\uff1a<a class=\"cursor-pointer\" rel=\"noopener\" data-start=\"3412\" data-end=\"3442\">EnigmaticTibetTravel@gmail.com<\/a><br data-start=\"3442\" data-end=\"3445\" \/>Telefone\uff1a+44 7785 905065<br data-start=\"3469\" data-end=\"3472\" \/>Site oficial\uff1a<a class=\"\" href=\"https:\/\/www.enigmatictibettravel.com\/pt-pt\" target=\"_new\" rel=\"noopener\" data-start=\"3485\" data-end=\"3561\">https:\/\/www.enigmatictibettravel.com<\/a><\/p>\n","protected":false},"excerpt":{"rendered":"<p>Bem-vindo ao nosso site https:\/\/www.enigmatictibettravel.com (doravante denominado \u201cn\u00f3s\u201d ou \u201ceste site\u201d). Esta Pol\u00edtica de Privacidade tem como objetivo explicar como coletamos, usamos, compartilhamos e protegemos suas informa\u00e7\u00f5es pessoais. 1. Informa\u00e7\u00f5es que coletamos Ao visitar ou utilizar este site, podemos coletar as seguintes informa\u00e7\u00f5es: Informa\u00e7\u00f5es pessoais de identifica\u00e7\u00e3o como nome, e-mail, telefone, nacionalidade e dados do [&hellip;]<\/p>\n","protected":false},"author":1,"featured_media":0,"parent":0,"menu_order":0,"comment_status":"closed","ping_status":"closed","template":"page-templates\/page-policy.php","meta":{"_acf_changed":false,"footnotes":""},"class_list":["post-8697","page","type-page","status-publish","hentry"],"acf":[],"_links":{"self":[{"href":"https:\/\/www.enigmatictibettravel.com\/pt-pt\/wp-json\/wp\/v2\/pages\/8697","targetHints":{"allow":["GET"]}}],"collection":[{"href":"https:\/\/www.enigmatictibettravel.com\/pt-pt\/wp-json\/wp\/v2\/pages"}],"about":[{"href":"https:\/\/www.enigmatictibettravel.com\/pt-pt\/wp-json\/wp\/v2\/types\/page"}],"author":[{"embeddable":true,"href":"https:\/\/www.enigmatictibettravel.com\/pt-pt\/wp-json\/wp\/v2\/users\/1"}],"replies":[{"embeddable":true,"href":"https:\/\/www.enigmatictibettravel.com\/pt-pt\/wp-json\/wp\/v2\/comments?post=8697"}],"version-history":[{"count":3,"href":"https:\/\/www.enigmatictibettravel.com\/pt-pt\/wp-json\/wp\/v2\/pages\/8697\/revisions"}],"predecessor-version":[{"id":8718,"href":"https:\/\/www.enigmatictibettravel.com\/pt-pt\/wp-json\/wp\/v2\/pages\/8697\/revisions\/8718"}],"wp:attachment":[{"href":"https:\/\/www.enigmatictibettravel.com\/pt-pt\/wp-json\/wp\/v2\/media?parent=8697"}],"curies":[{"name":"wp","href":"https:\/\/api.w.org\/{rel}","templated":true}]}}