{"id":6837,"date":"2024-09-28T22:04:11","date_gmt":"2024-09-28T14:04:11","guid":{"rendered":"https:\/\/www.enigmatictibettravel.com\/travel-guide\/tibet-culture"},"modified":"2025-05-29T18:06:50","modified_gmt":"2025-05-29T10:06:50","slug":"tibet-culture","status":"publish","type":"page","link":"https:\/\/www.enigmatictibettravel.com\/pt-pt\/travel-guide\/tibet-culture","title":{"rendered":"Costumes e cultura tibetana"},"content":{"rendered":"<ol>\n<li>\u00c9 comum ver <strong>bandeiras de ora\u00e7\u00e3o coloridas (lungta)<\/strong> penduradas em \u00e1rvores, montanhas ou telhados. Estas bandeiras trazem impresso o <strong>mantra de seis s\u00edlabas &#8220;Om Mani Padme Hum&#8221;<\/strong>, e os tibetanos acreditam que, sempre que o vento as faz agitar, \u00e9 como se o mantra fosse recitado uma vez. <strong>N\u00e3o toque nem puxe as bandeiras<\/strong>, mesmo que as veja durante o percurso da viagem.<\/li>\n<li>Se vir <strong>vacas ou ovelhas com peda\u00e7os de tecido vermelho, amarelo ou verde presos ao corpo<\/strong>, <strong>n\u00e3o as afaste nem as incomode<\/strong>. Esses animais foram <strong>oferecidos aos deuses<\/strong> como sinal de devo\u00e7\u00e3o e foram <strong>libertados em rituais de liberta\u00e7\u00e3o da vida (fangsheng)<\/strong>.<\/li>\n<li>Existem regras espec\u00edficas ao visitar <strong>templos e estupas<\/strong>. <strong>Evite comer alho antes da visita<\/strong>, pois entrar num templo ap\u00f3s consumir alho \u00e9 <strong>considerado um grande tabu<\/strong> na cultura tibetana.<\/li>\n<li>Ao entrar num templo, deve <strong>retirar o chap\u00e9u e os \u00f3culos de sol<\/strong>. As mulheres devem <strong>evitar roupas reveladoras<\/strong>, como <strong>saias curtas ou cal\u00e7\u00f5es<\/strong>.<\/li>\n<li>Durante a visita, <strong>n\u00e3o fume, n\u00e3o toque nas est\u00e1tuas de Buda nem folheie os livros sagrados<\/strong>. Tamb\u00e9m <strong>n\u00e3o toque nos amuletos ou ros\u00e1rios usados pelos monges<\/strong>. Mantenha sempre um <strong>ambiente calmo e respeitoso<\/strong>, evitando falar alto.<\/li>\n<li><strong>N\u00e3o \u00e9 permitido tirar fotografias ou gravar v\u00eddeos dentro dos templos sem autoriza\u00e7\u00e3o pr\u00e9via.<\/strong><\/li>\n<li>Ao <strong>circundar locais sagrados<\/strong>, <strong>deve faz\u00ea-lo sempre no sentido dos ponteiros do rel\u00f3gio (da esquerda para a direita)<\/strong>. <strong>Nunca caminhe no sentido contr\u00e1rio<\/strong>, exceto nos templos da tradi\u00e7\u00e3o Bon, onde a dire\u00e7\u00e3o \u00e9 inversa. <strong>N\u00e3o deve passar por cima de objetos rituais<\/strong>, como incens\u00e1rios ou tigelas de oferendas.<\/li>\n<li>Ao girar <strong>rodas de ora\u00e7\u00e3o (mani)<\/strong>, <strong>fa\u00e7a-o no sentido dos ponteiros do rel\u00f3gio<\/strong>. <strong>N\u00e3o se sente nem pise os umbrais das portas dos templos<\/strong>, pois isso \u00e9 visto como desrespeitoso.<\/li>\n<li>Se encontrar c\u00e3es pelo caminho, <strong>n\u00e3o os afaste nem lhes atire objetos<\/strong>. Da mesma forma, ao acompanhar peregrinos a fazerem prostra\u00e7\u00f5es ou circumambula\u00e7\u00f5es, <strong>caminhe sempre no sentido hor\u00e1rio<\/strong>. <strong>Nunca fotografe devotos enquanto fazem prostra\u00e7\u00f5es completas ao solo.<\/strong><\/li>\n<li><strong>Nunca compre ou transporte produtos feitos com partes de animais selvagens<\/strong>, como <strong>cornos de ant\u00edlopes tibetanos ou cr\u00e2nios de iaques selvagens<\/strong>. Estas pr\u00e1ticas s\u00e3o vistas como <strong>apoio \u00e0 ca\u00e7a ilegal<\/strong>, e a posse desses objetos pode causar <strong>problemas legais s\u00e9rios<\/strong>.<\/li>\n<li>Por fim, <strong>nunca utilize papel com escrita tibetana para limpar as m\u00e3os ou para fins indevidos<\/strong>. Isso \u00e9 considerado <strong>uma grave ofensa aos ensinamentos budistas<\/strong>.<\/li>\n<\/ol>\n","protected":false},"excerpt":{"rendered":"<p>\u00c9 comum ver bandeiras de ora\u00e7\u00e3o coloridas (lungta) penduradas em \u00e1rvores, montanhas ou telhados. Estas bandeiras trazem impresso o mantra de seis s\u00edlabas &#8220;Om Mani Padme Hum&#8221;, e os tibetanos acreditam que, sempre que o vento as faz agitar, \u00e9 como se o mantra fosse recitado uma vez. N\u00e3o toque nem puxe as bandeiras, mesmo [&hellip;]<\/p>\n","protected":false},"author":1,"featured_media":0,"parent":6833,"menu_order":0,"comment_status":"closed","ping_status":"closed","template":"","meta":{"_acf_changed":false,"footnotes":""},"class_list":["post-6837","page","type-page","status-publish","hentry"],"acf":[],"_links":{"self":[{"href":"https:\/\/www.enigmatictibettravel.com\/pt-pt\/wp-json\/wp\/v2\/pages\/6837","targetHints":{"allow":["GET"]}}],"collection":[{"href":"https:\/\/www.enigmatictibettravel.com\/pt-pt\/wp-json\/wp\/v2\/pages"}],"about":[{"href":"https:\/\/www.enigmatictibettravel.com\/pt-pt\/wp-json\/wp\/v2\/types\/page"}],"author":[{"embeddable":true,"href":"https:\/\/www.enigmatictibettravel.com\/pt-pt\/wp-json\/wp\/v2\/users\/1"}],"replies":[{"embeddable":true,"href":"https:\/\/www.enigmatictibettravel.com\/pt-pt\/wp-json\/wp\/v2\/comments?post=6837"}],"version-history":[{"count":3,"href":"https:\/\/www.enigmatictibettravel.com\/pt-pt\/wp-json\/wp\/v2\/pages\/6837\/revisions"}],"predecessor-version":[{"id":8460,"href":"https:\/\/www.enigmatictibettravel.com\/pt-pt\/wp-json\/wp\/v2\/pages\/6837\/revisions\/8460"}],"up":[{"embeddable":true,"href":"https:\/\/www.enigmatictibettravel.com\/pt-pt\/wp-json\/wp\/v2\/pages\/6833"}],"wp:attachment":[{"href":"https:\/\/www.enigmatictibettravel.com\/pt-pt\/wp-json\/wp\/v2\/media?parent=6837"}],"curies":[{"name":"wp","href":"https:\/\/api.w.org\/{rel}","templated":true}]}}