{"id":6836,"date":"2024-09-28T22:05:23","date_gmt":"2024-09-28T14:05:23","guid":{"rendered":"https:\/\/www.enigmatictibettravel.com\/travel-guide\/exchange-payment"},"modified":"2025-05-29T16:55:18","modified_gmt":"2025-05-29T08:55:18","slug":"exchange-payment","status":"publish","type":"page","link":"https:\/\/www.enigmatictibettravel.com\/pt-pt\/travel-guide\/exchange-payment","title":{"rendered":"Instru\u00e7\u00f5es de c\u00e2mbio e de pagamento"},"content":{"rendered":"<h3 data-start=\"136\" data-end=\"167\"><strong>Informa\u00e7\u00f5es sobre c\u00e2mbio<\/strong><\/h3>\n<ol data-start=\"169\" data-end=\"1410\">\n<li data-start=\"169\" data-end=\"483\">\n<p data-start=\"172\" data-end=\"483\">Em Lhasa, h\u00e1 diversas ag\u00eancias do <strong data-start=\"206\" data-end=\"223\">Bank of China<\/strong>, <strong data-start=\"225\" data-end=\"250\">Banco Postal da China<\/strong>, <strong data-start=\"252\" data-end=\"279\">Banco Agr\u00edcola da China<\/strong> e <strong data-start=\"282\" data-end=\"314\">Banco de Constru\u00e7\u00e3o da China<\/strong>. A maioria conta com <strong data-start=\"336\" data-end=\"364\">caixas eletr\u00f4nicos (ATM)<\/strong>. <strong data-start=\"366\" data-end=\"380\">WeChat Pay<\/strong> e <strong data-start=\"383\" data-end=\"393\">Alipay<\/strong> s\u00e3o amplamente utilizados em toda a regi\u00e3o, o que torna os pagamentos muito convenientes.<\/p>\n<\/li>\n<li data-start=\"485\" data-end=\"930\">\n<p data-start=\"488\" data-end=\"930\">\u00c9 recomend\u00e1vel <strong data-start=\"503\" data-end=\"550\">carregar uma quantia de dinheiro em esp\u00e9cie<\/strong> para maior comodidade<br data-start=\"572\" data-end=\"575\" \/><strong data-start=\"575\" data-end=\"596\">Aviso importante:<\/strong> Saques em caixas eletr\u00f4nicos geralmente est\u00e3o sujeitos a <strong data-start=\"654\" data-end=\"676\">taxas de transa\u00e7\u00e3o<\/strong>, que variam conforme o valor sacado. Al\u00e9m disso, <strong data-start=\"726\" data-end=\"774\">nem todos os ATMs funcionam 24 horas por dia<\/strong>, e em \u00e1reas urbanas \u00e9 comum encontrar <strong data-start=\"813\" data-end=\"869\">caixas sem dinheiro dispon\u00edvel devido ao uso intenso<\/strong>. Por isso, recomenda-se <strong data-start=\"894\" data-end=\"929\">ter dinheiro suficiente em m\u00e3os<\/strong>.<\/p>\n<\/li>\n<li data-start=\"932\" data-end=\"1097\">\n<p data-start=\"935\" data-end=\"1097\">A <strong data-start=\"937\" data-end=\"971\">quinta s\u00e9rie do Renminbi (RMB)<\/strong> inclui <strong data-start=\"979\" data-end=\"1000\">oito denomina\u00e7\u00f5es<\/strong>: 100 yuans, 50 yuans, 20 yuans, 10 yuans, 5 yuans, 1 yuan, 0,5 yuan (5 jiao) e 0,1 yuan (1 jiao)<\/p>\n<\/li>\n<li data-start=\"1099\" data-end=\"1410\">\n<p data-start=\"1102\" data-end=\"1410\">De acordo com as normas da alf\u00e2ndega chinesa, <strong data-start=\"1148\" data-end=\"1289\">pessoas com 16 anos ou mais que transportem mais de 5.000 d\u00f3lares americanos em dinheiro devem declarar o valor \u00e0s autoridades aduaneiras<\/strong>. Para detalhes sobre o procedimento, recomenda-se <strong data-start=\"1340\" data-end=\"1409\">consultar os funcion\u00e1rios da alf\u00e2ndega ou do aeroporto na chegada<\/strong>.<\/p>\n<\/li>\n<\/ol>\n<h3 data-start=\"1417\" data-end=\"1462\"><strong>Informa\u00e7\u00f5es sobre m\u00e9todos de pagamento<\/strong><\/h3>\n<ol data-start=\"1464\" data-end=\"2996\">\n<li data-start=\"1464\" data-end=\"1901\">\n<p data-start=\"1467\" data-end=\"1901\"><strong data-start=\"1467\" data-end=\"1489\">Cart\u00f5es banc\u00e1rios:<\/strong> Se voc\u00ea possui um cart\u00e3o com o logotipo da <strong data-start=\"1533\" data-end=\"1545\">UnionPay<\/strong>, <strong data-start=\"1547\" data-end=\"1555\">Visa<\/strong> ou <strong data-start=\"1559\" data-end=\"1573\">Mastercard<\/strong>, poder\u00e1 utiliz\u00e1-lo para pagamentos em estabelecimentos que exibem os respectivos selos de aceita\u00e7\u00e3o. Caso n\u00e3o haja sinaliza\u00e7\u00e3o, \u00e9 poss\u00edvel <strong data-start=\"1713\" data-end=\"1760\">perguntar ao caixa se o seu cart\u00e3o \u00e9 aceito<\/strong>. Os <strong data-start=\"1765\" data-end=\"1785\">cart\u00f5es UnionPay<\/strong> s\u00e3o geralmente aceitos na <strong data-start=\"1812\" data-end=\"1900\">maioria dos estabelecimentos na China continental que possuem terminais de pagamento<\/strong>.<\/p>\n<\/li>\n<li data-start=\"1903\" data-end=\"2069\">\n<p data-start=\"1906\" data-end=\"2069\"><strong data-start=\"1906\" data-end=\"1927\">Pagamentos m\u00f3veis<\/strong><br data-start=\"1927\" data-end=\"1930\" \/><strong data-start=\"1930\" data-end=\"1999\">Alipay (\u00e9 necess\u00e1rio baixar a vers\u00e3o internacional do aplicativo)<\/strong><br data-start=\"1999\" data-end=\"2002\" \/><strong data-start=\"2002\" data-end=\"2069\">WeChat Pay (dispon\u00edvel para turistas ap\u00f3s verifica\u00e7\u00e3o da conta)<\/strong><\/p>\n<\/li>\n<li data-start=\"2071\" data-end=\"2462\">\n<p data-start=\"2074\" data-end=\"2462\"><strong data-start=\"2074\" data-end=\"2087\">Dinheiro:<\/strong> Caso precise de <strong data-start=\"2104\" data-end=\"2133\">esp\u00e9cie em Renminbi (RMB)<\/strong>, voc\u00ea pode sacar em ATMs com o logotipo da sua bandeira (como Visa, Mastercard, UnionPay). Tamb\u00e9m \u00e9 poss\u00edvel <strong data-start=\"2243\" data-end=\"2279\">trocar moeda estrangeira por RMB<\/strong> em <strong data-start=\"2283\" data-end=\"2389\">ag\u00eancias banc\u00e1rias com servi\u00e7o de c\u00e2mbio, casas de c\u00e2mbio autorizadas ou m\u00e1quinas de c\u00e2mbio autom\u00e1tico<\/strong>. Para saber quais moedas s\u00e3o aceitas, <strong data-start=\"2428\" data-end=\"2461\">consulte o atendente no local<\/strong>.<\/p>\n<\/li>\n<li data-start=\"2464\" data-end=\"2996\">\n<p data-start=\"2467\" data-end=\"2996\"><strong data-start=\"2467\" data-end=\"2488\">Contas banc\u00e1rias:<\/strong> Com um <strong data-start=\"2496\" data-end=\"2553\">passaporte ou outro documento de identifica\u00e7\u00e3o v\u00e1lido<\/strong>, \u00e9 poss\u00edvel abrir uma <strong data-start=\"2576\" data-end=\"2622\">conta banc\u00e1ria em RMB ou moeda estrangeira<\/strong> em bancos como <strong data-start=\"2638\" data-end=\"2741\">ICBC, Banco Agr\u00edcola da China, Banco da China, Banco de Constru\u00e7\u00e3o da China e Banco de Comunica\u00e7\u00f5es<\/strong>. Ap\u00f3s abrir a conta, voc\u00ea poder\u00e1 acessar servi\u00e7os como <strong data-start=\"2797\" data-end=\"2914\">dep\u00f3sitos e saques em RMB e moedas estrangeiras, c\u00e2mbio, transfer\u00eancias dom\u00e9sticas e internacionais, e pagamentos<\/strong>. Para mais detalhes, consulte um atendente da ag\u00eancia ou o site oficial do banco.<\/p>\n<\/li>\n<\/ol>\n","protected":false},"excerpt":{"rendered":"<p>Informa\u00e7\u00f5es sobre c\u00e2mbio Em Lhasa, h\u00e1 diversas ag\u00eancias do Bank of China, Banco Postal da China, Banco Agr\u00edcola da China e Banco de Constru\u00e7\u00e3o da China. A maioria conta com caixas eletr\u00f4nicos (ATM). WeChat Pay e Alipay s\u00e3o amplamente utilizados em toda a regi\u00e3o, o que torna os pagamentos muito convenientes. \u00c9 recomend\u00e1vel carregar uma [&hellip;]<\/p>\n","protected":false},"author":1,"featured_media":0,"parent":6833,"menu_order":0,"comment_status":"closed","ping_status":"closed","template":"","meta":{"_acf_changed":false,"footnotes":""},"class_list":["post-6836","page","type-page","status-publish","hentry"],"acf":[],"_links":{"self":[{"href":"https:\/\/www.enigmatictibettravel.com\/pt-pt\/wp-json\/wp\/v2\/pages\/6836","targetHints":{"allow":["GET"]}}],"collection":[{"href":"https:\/\/www.enigmatictibettravel.com\/pt-pt\/wp-json\/wp\/v2\/pages"}],"about":[{"href":"https:\/\/www.enigmatictibettravel.com\/pt-pt\/wp-json\/wp\/v2\/types\/page"}],"author":[{"embeddable":true,"href":"https:\/\/www.enigmatictibettravel.com\/pt-pt\/wp-json\/wp\/v2\/users\/1"}],"replies":[{"embeddable":true,"href":"https:\/\/www.enigmatictibettravel.com\/pt-pt\/wp-json\/wp\/v2\/comments?post=6836"}],"version-history":[{"count":3,"href":"https:\/\/www.enigmatictibettravel.com\/pt-pt\/wp-json\/wp\/v2\/pages\/6836\/revisions"}],"predecessor-version":[{"id":8416,"href":"https:\/\/www.enigmatictibettravel.com\/pt-pt\/wp-json\/wp\/v2\/pages\/6836\/revisions\/8416"}],"up":[{"embeddable":true,"href":"https:\/\/www.enigmatictibettravel.com\/pt-pt\/wp-json\/wp\/v2\/pages\/6833"}],"wp:attachment":[{"href":"https:\/\/www.enigmatictibettravel.com\/pt-pt\/wp-json\/wp\/v2\/media?parent=6836"}],"curies":[{"name":"wp","href":"https:\/\/api.w.org\/{rel}","templated":true}]}}