{"id":6834,"date":"2024-09-28T22:02:00","date_gmt":"2024-09-28T14:02:00","guid":{"rendered":"https:\/\/www.enigmatictibettravel.com\/travel-guide\/letter-of-entry-into-tibet"},"modified":"2025-05-29T17:37:43","modified_gmt":"2025-05-29T09:37:43","slug":"letter-of-entry-into-tibet","status":"publish","type":"page","link":"https:\/\/www.enigmatictibettravel.com\/pt-pt\/travel-guide\/letter-of-entry-into-tibet","title":{"rendered":"Guia de viagem ao Tibete para estrangeiros | Permiss\u00e3o de entrada no Tibete | Pedido de Permiss\u00e3o de Entrada no Tibete"},"content":{"rendered":"\n<h2 class=\"wp-block-heading\"> O Que \u00e9 a Permiss\u00e3o de Entrada no Tibete?<\/h2>\n\n<p>O <strong>Tibet Entry Permit<\/strong>, oficialmente chamado de <strong>Autoriza\u00e7\u00e3o de Entrada no Tibete para Estrangeiros<\/strong>, \u00e9 um documento obrigat\u00f3rio para todos os viajantes que possuam um <strong>passaporte estrangeiro<\/strong> ou um <strong>passaporte de Taiwan (China)<\/strong> e desejem entrar na Regi\u00e3o Aut\u00f4noma do Tibete, na China. O documento \u00e9 composto por <strong>duas folhas no formato A4<\/strong>.<br\/><br\/>A <strong>primeira p\u00e1gina<\/strong> inclui as <strong>datas de entrada e sa\u00edda do Tibete, os locais tur\u00edsticos a serem visitados e o nome da ag\u00eancia de turismo receptora<\/strong>.<br\/>A <strong>segunda p\u00e1gina<\/strong> apresenta os <strong>nomes, datas de nascimento e n\u00fameros de passaporte de todos os viajantes<\/strong>, al\u00e9m de conter os <strong>carimbos oficiais de aprova\u00e7\u00e3o emitidos pelos departamentos governamentais competentes e selos de seguran\u00e7a antifalsifica\u00e7\u00e3o<\/strong>.<br\/><br\/>A <strong>obten\u00e7\u00e3o da Autoriza\u00e7\u00e3o de Entrada no Tibete para Estrangeiros n\u00e3o \u00e9 complicada<\/strong>. Basta <strong>solicitar com pelo menos 30 dias de anteced\u00eancia<\/strong> \u00e0 nossa ag\u00eancia, <strong>Tibet Xingyu International Travel Service Co., Ltd.<\/strong>. Oferecemos <strong>roteiros tur\u00edsticos especialmente desenvolvidos para estrangeiros<\/strong>, com <strong>pre\u00e7os acess\u00edveis e atendimento profissional<\/strong>.<br\/>Acima de tudo, temos <strong>larga experi\u00eancia e alto n\u00edvel de confiabilidade no processamento deste tipo de autoriza\u00e7\u00e3o<\/strong>.<br\/><br\/>De acordo com as pol\u00edticas emitidas pelo <strong>Departamento de Cultura e Turismo do Tibete<\/strong>, <strong>estrangeiros n\u00e3o est\u00e3o autorizados a viajar de forma independente no Tibete<\/strong>. Independentemente do n\u00famero de pessoas, todos os estrangeiros devem participar de <strong>viagens organizadas e previamente planejadas<\/strong>, com <strong>transporte e guia tur\u00edstico acompanhando o grupo durante toda a viagem<\/strong>, fornecidos por uma ag\u00eancia de viagens autorizada.<br\/>Portanto, <strong>a \u00fanica maneira legal para estrangeiros visitarem o Tibete \u00e9 atrav\u00e9s de excurs\u00f5es privadas organizadas por ag\u00eancias locais credenciadas<\/strong>.<br\/><br\/>Al\u00e9m disso, <strong>os meios de entrada e sa\u00edda do Tibete tamb\u00e9m s\u00e3o restritos para estrangeiros<\/strong>. Atualmente, <strong>\u00e9 permitido apenas viajar de avi\u00e3o ou de trem<\/strong>. \u00c9 <strong>estritamente proibido entrar ou sair do Tibete por conta pr\u00f3pria, de carro, bicicleta, moto ou a p\u00e9<\/strong>.<br\/><ol>&#13;\n \t<li><strong>Quem precisa da autoriza\u00e7\u00e3o<\/strong>: estrangeiros, cidad\u00e3os de Taiwan (China) e chineses naturalizados com passaporte estrangeiro<\/li>&#13;\n \t<li><strong>Quando a autoriza\u00e7\u00e3o \u00e9 necess\u00e1ria<\/strong>: ao <strong>embarcar no avi\u00e3o ou no trem com destino ao Tibete<\/strong>. <strong>Para voos, \u00e9 necess\u00e1rio apresentar o original do documento<\/strong>, enquanto <strong>para trens \u00e9 aceita uma c\u00f3pia impressa<\/strong><\/li>&#13;\n \t<li><strong>Prazo de emiss\u00e3o<\/strong>: normalmente entre <strong>15 e 30 dias<\/strong>. Os viajantes devem <strong>enviar todos os documentos necess\u00e1rios com pelo menos 30 dias de anteced\u00eancia<\/strong>. Em per\u00edodos de <strong>alta temporada<\/strong> ou quando o itiner\u00e1rio incluir <strong>zonas restritas<\/strong> (como o Monte Everest ou o Monte Kailash), \u00e9 necess\u00e1rio um prazo m\u00ednimo de <strong>40 dias<\/strong><\/li>&#13;\n \t<li><strong>O viajante n\u00e3o pode solicitar a autoriza\u00e7\u00e3o por conta pr\u00f3pria<\/strong>; a solicita\u00e7\u00e3o deve ser <strong>feita atrav\u00e9s da nossa ag\u00eancia<\/strong><\/li>&#13;\n \t<li><strong>Per\u00edodo de viagem<\/strong>: as datas registradas no documento podem ser <strong>mais amplas que a estadia planejada<\/strong>, permitindo <strong>flexibilidade em caso de mudan\u00e7a de planos<\/strong>, como estender a viagem por alguns dias<\/li>&#13;\n \t<li><strong>Itiner\u00e1rio definido<\/strong>: \u00e9 necess\u00e1rio <strong>confirmar todos os destinos com anteced\u00eancia<\/strong>, pois <strong>apenas os locais listados no documento poder\u00e3o ser visitados<\/strong>. N\u00e3o \u00e9 permitido visitar locais n\u00e3o autorizados<\/li>&#13;\n \t<li><strong>Documentos obrigat\u00f3rios<\/strong>: todos devem estar <strong>v\u00e1lidos dentro do per\u00edodo de vig\u00eancia<\/strong><\/li>&#13;\n \t<li><strong>Documenta\u00e7\u00e3o adicional conforme o tipo de visto<\/strong>:&#13;\nVisto de turismo (tipo L): <strong>passaporte + visto<\/strong>&#13;\nVisto de visita familiar (tipo Q): <strong>passaporte + visto + carta de convite<\/strong>&#13;\nVisto de trabalho (tipo Z): <strong>passaporte + visto + comprovante de emprego<\/strong>&#13;\nVisto de estudante (tipo X): <strong>passaporte + visto + comprovante de matr\u00edcula<\/strong><\/li>&#13;\n \t<li>Para cidad\u00e3os de <strong>pa\u00edses com acordo de isen\u00e7\u00e3o de visto com a China<\/strong>, <strong>n\u00e3o \u00e9 necess\u00e1rio apresentar visto<\/strong> desde que a <strong>estadia ocorra dentro do per\u00edodo permitido de isen\u00e7\u00e3o<\/strong><\/li>&#13;\n<\/ol><\/p>\n\n<figure class=\"wp-block-gallery has-nested-images columns-default is-cropped wp-block-gallery-1 is-layout-flex wp-block-gallery-is-layout-flex\">\n<figure class=\"wp-block-image size-large\"><img decoding=\"async\" data-id=\"1172\" src=\"https:\/\/www.enigmatictibettravel.com\/wp-content\/uploads\/2025\/04\/&#x8FDB;&#x85CF;&#x8BB8;&#x53EF;&#x8BC1;&#xFF08;&#x4FEE;&#x6539;2&#xFF09;-1024x745.jpg\" alt=\"\" class=\"wp-image-1172\"\/><\/figure>\n<\/figure>\n<div class=\"wp-block-image\">\n<figure class=\"aligncenter size-large is-resized\"><img decoding=\"async\" src=\"https:\/\/www.enigmatictibettravel.com\/wp-content\/uploads\/2025\/04\/&#x8FDB;&#x85CF;&#x8BB8;&#x53EF;&#x8BC1;&#x6E38;&#x5BA2;&#x540D;&#x5355;&#xFF08;&#x5DF2;&#x4FEE;&#x6539;&#xFF09;-1024x704.jpg\" alt=\"\" class=\"wp-image-1174\" style=\"width:1400px;height:auto\"\/><\/figure>\n<\/div><div class=\"wp-block-image\">\n<figure class=\"aligncenter size-large\"><img decoding=\"async\" src=\"https:\/\/www.enigmatictibettravel.com\/wp-content\/uploads\/2025\/04\/&#x63A2;&#x4EB2;&#x7B7E;&#x8BC1;&#x660E;&#xFF08;&#x4FEE;&#x6539;2&#xFF09;-897x1024.jpg\" alt=\"\" class=\"wp-image-1175\"\/><\/figure>\n<\/div><div class=\"wp-block-image\">\n<figure class=\"aligncenter size-large\"><img decoding=\"async\" src=\"https:\/\/www.enigmatictibettravel.com\/wp-content\/uploads\/2025\/04\/&#x53F0;&#x6E7E;&#x540C;&#x80DE;&#x8FDB;&#x85CF;&#x786E;&#x8BA4;&#x51FD;&#xFF08;&#x4FEE;&#x6539;2&#xFF09;-727x1024.jpg\" alt=\"\" class=\"wp-image-1176\"\/><\/figure>\n<\/div><div class=\"wp-block-image\">\n<figure class=\"aligncenter size-large\"><img decoding=\"async\" src=\"https:\/\/www.enigmatictibettravel.com\/wp-content\/uploads\/2025\/04\/&#x53F0;&#x6E7E;&#x540C;&#x80DE;&#x786E;&#x8BA4;&#x51FD;&#x540D;&#x5355;&#xFF08;&#x4FEE;&#x6539;&#xFF09;-1024x609.jpg\" alt=\"\" class=\"wp-image-1177\"\/><\/figure>\n<\/div>","protected":false},"excerpt":{"rendered":"<p>O Que \u00e9 a Permiss\u00e3o de Entrada no Tibete? O Tibet Entry Permit, oficialmente chamado de Autoriza\u00e7\u00e3o de Entrada no Tibete para Estrangeiros, \u00e9 um documento obrigat\u00f3rio para todos os viajantes que possuam um passaporte estrangeiro ou um passaporte de Taiwan (China) e desejem entrar na Regi\u00e3o Aut\u00f4noma do Tibete, na China. O documento \u00e9 [&hellip;]<\/p>\n","protected":false},"author":1,"featured_media":0,"parent":6833,"menu_order":0,"comment_status":"closed","ping_status":"closed","template":"","meta":{"_acf_changed":false,"footnotes":""},"class_list":["post-6834","page","type-page","status-publish","hentry"],"acf":[],"_links":{"self":[{"href":"https:\/\/www.enigmatictibettravel.com\/pt-pt\/wp-json\/wp\/v2\/pages\/6834","targetHints":{"allow":["GET"]}}],"collection":[{"href":"https:\/\/www.enigmatictibettravel.com\/pt-pt\/wp-json\/wp\/v2\/pages"}],"about":[{"href":"https:\/\/www.enigmatictibettravel.com\/pt-pt\/wp-json\/wp\/v2\/types\/page"}],"author":[{"embeddable":true,"href":"https:\/\/www.enigmatictibettravel.com\/pt-pt\/wp-json\/wp\/v2\/users\/1"}],"replies":[{"embeddable":true,"href":"https:\/\/www.enigmatictibettravel.com\/pt-pt\/wp-json\/wp\/v2\/comments?post=6834"}],"version-history":[{"count":8,"href":"https:\/\/www.enigmatictibettravel.com\/pt-pt\/wp-json\/wp\/v2\/pages\/6834\/revisions"}],"predecessor-version":[{"id":8451,"href":"https:\/\/www.enigmatictibettravel.com\/pt-pt\/wp-json\/wp\/v2\/pages\/6834\/revisions\/8451"}],"up":[{"embeddable":true,"href":"https:\/\/www.enigmatictibettravel.com\/pt-pt\/wp-json\/wp\/v2\/pages\/6833"}],"wp:attachment":[{"href":"https:\/\/www.enigmatictibettravel.com\/pt-pt\/wp-json\/wp\/v2\/media?parent=6834"}],"curies":[{"name":"wp","href":"https:\/\/api.w.org\/{rel}","templated":true}]}}