{"id":6833,"date":"2024-09-15T02:45:55","date_gmt":"2024-09-14T18:45:55","guid":{"rendered":"https:\/\/www.enigmatictibettravel.com\/travel-guide"},"modified":"2025-05-16T17:35:11","modified_gmt":"2025-05-16T09:35:11","slug":"travel-guide","status":"publish","type":"page","link":"https:\/\/www.enigmatictibettravel.com\/pt-pt\/travel-guide","title":{"rendered":"Guia Pr\u00e1tico"},"content":{"rendered":"<p>\u00c9 muito comum sentir-se confuso ou inseguro na sua primeira viagem ao Tibete. Por isso, recomendamos que voc\u00ea consulte algumas informa\u00e7\u00f5es b\u00e1sicas antes de embarcar e leia o nosso <strong data-start=\"2680\" data-end=\"2708\">\u201cGuia Pr\u00e1tico de Viagem\u201d<\/strong> para compreender melhor o Tibete.<br data-start=\"2742\" data-end=\"2745\" \/>Fique atento aos costumes locais, ao processo do Permiss\u00e3o de Entrada no Tibete, dicas de c\u00e2mbio, m\u00e9todos de pagamento e informa\u00e7\u00f5es geogr\u00e1ficas.<br data-start=\"2890\" data-end=\"2893\" \/>Muitas d\u00favidas frequentes de viajantes iniciantes s\u00e3o respondidas neste guia.<br data-start=\"2970\" data-end=\"2973\" \/>As dicas internas e os conselhos pr\u00e1ticos ajudar\u00e3o voc\u00ea a explorar o Tibete com mais seguran\u00e7a e tranquilidade.<\/p>\n","protected":false},"excerpt":{"rendered":"<p>\u00c9 muito comum sentir-se confuso ou inseguro na sua primeira viagem ao Tibete. Por isso, recomendamos que voc\u00ea consulte algumas informa\u00e7\u00f5es b\u00e1sicas antes de embarcar e leia o nosso \u201cGuia Pr\u00e1tico de Viagem\u201d para compreender melhor o Tibete.Fique atento aos costumes locais, ao processo do Permiss\u00e3o de Entrada no Tibete, dicas de c\u00e2mbio, m\u00e9todos de [&hellip;]<\/p>\n","protected":false},"author":1,"featured_media":0,"parent":0,"menu_order":0,"comment_status":"closed","ping_status":"closed","template":"page-templates\/page-travel-guide.php","meta":{"_acf_changed":false,"footnotes":""},"class_list":["post-6833","page","type-page","status-publish","hentry"],"acf":[],"_links":{"self":[{"href":"https:\/\/www.enigmatictibettravel.com\/pt-pt\/wp-json\/wp\/v2\/pages\/6833","targetHints":{"allow":["GET"]}}],"collection":[{"href":"https:\/\/www.enigmatictibettravel.com\/pt-pt\/wp-json\/wp\/v2\/pages"}],"about":[{"href":"https:\/\/www.enigmatictibettravel.com\/pt-pt\/wp-json\/wp\/v2\/types\/page"}],"author":[{"embeddable":true,"href":"https:\/\/www.enigmatictibettravel.com\/pt-pt\/wp-json\/wp\/v2\/users\/1"}],"replies":[{"embeddable":true,"href":"https:\/\/www.enigmatictibettravel.com\/pt-pt\/wp-json\/wp\/v2\/comments?post=6833"}],"version-history":[{"count":1,"href":"https:\/\/www.enigmatictibettravel.com\/pt-pt\/wp-json\/wp\/v2\/pages\/6833\/revisions"}],"predecessor-version":[{"id":8044,"href":"https:\/\/www.enigmatictibettravel.com\/pt-pt\/wp-json\/wp\/v2\/pages\/6833\/revisions\/8044"}],"wp:attachment":[{"href":"https:\/\/www.enigmatictibettravel.com\/pt-pt\/wp-json\/wp\/v2\/media?parent=6833"}],"curies":[{"name":"wp","href":"https:\/\/api.w.org\/{rel}","templated":true}]}}