{"id":6773,"date":"2024-09-28T22:04:11","date_gmt":"2024-09-28T14:04:11","guid":{"rendered":"https:\/\/www.enigmatictibettravel.com\/travel-guide\/tibet-culture"},"modified":"2025-05-29T18:00:08","modified_gmt":"2025-05-29T10:00:08","slug":"tibet-culture","status":"publish","type":"page","link":"https:\/\/www.enigmatictibettravel.com\/fr\/travel-guide\/tibet-culture","title":{"rendered":"Coutumes et culture tib\u00e9taines"},"content":{"rendered":"<ol>\n<li>On peut souvent voir des <strong>drapeaux de pri\u00e8re color\u00e9s (Lungta)<\/strong> accroch\u00e9s aux arbres, sur les montagnes ou les toits. Ces drapeaux sont imprim\u00e9s avec le <strong>mantra en six syllabes \u00ab Om Mani Padme Hum \u00bb<\/strong>. Les Tib\u00e9tains croient que chaque mouvement du drapeau dans le vent \u00e9quivaut \u00e0 une r\u00e9citation du mantra. <strong>Veuillez ne pas les toucher ni les tirer si vous en croisez pendant votre voyage.<\/strong><\/li>\n<li>Si vous voyez, \u00e0 la campagne, <strong>des vaches ou des moutons portant des rubans rouges, jaunes ou verts<\/strong>, <strong>ne les chassez surtout pas<\/strong>. Ces animaux ont souvent \u00e9t\u00e9 <strong>offerts aux divinit\u00e9s comme offrandes et sont consid\u00e9r\u00e9s comme rel\u00e2ch\u00e9s dans la nature<\/strong>.<\/li>\n<li>Lors de la visite d\u2019un <strong>temple ou d\u2019un stupa<\/strong>, certaines r\u00e8gles doivent \u00eatre respect\u00e9es. <strong>\u00c9vitez de consommer de l\u2019ail<\/strong> avant d\u2019y entrer : <strong>les Tib\u00e9tains consid\u00e8rent cela comme un tabou important<\/strong>.<\/li>\n<li>\u00c0 l\u2019entr\u00e9e d\u2019un temple, <strong>retirez votre chapeau et vos lunettes de soleil<\/strong>. Les femmes doivent <strong>\u00e9viter les v\u00eatements trop r\u00e9v\u00e9lateurs<\/strong>, comme les <strong>jupes courtes ou les shorts<\/strong>.<\/li>\n<li>Pendant la visite, <strong>il est interdit de fumer, de toucher les statues de Bouddha ou de manipuler les livres de pri\u00e8res<\/strong>. Il est \u00e9galement <strong>interdit de toucher les amulettes ou les chapelets port\u00e9s par les moines<\/strong>, et il est essentiel de <strong>garder le silence et de ne pas parler \u00e0 voix haute<\/strong>.<\/li>\n<li><strong>Il est interdit de prendre des photos ou des vid\u00e9os \u00e0 l\u2019int\u00e9rieur des sanctuaires<\/strong>, sauf autorisation expresse.<\/li>\n<li>Lors de la <strong>circumambulation (tour ritualis\u00e9) d\u2019un site sacr\u00e9<\/strong>, <strong>marchez toujours dans le sens des aiguilles d\u2019une montre (de gauche \u00e0 droite)<\/strong>. <strong>Ne tournez jamais dans le sens inverse<\/strong>, sauf dans les monast\u00e8res de tradition B\u00f6n o\u00f9 la r\u00e8gle est invers\u00e9e. <strong>Ne franchissez pas les objets rituels<\/strong> comme les br\u00fble-encens ou les bols d\u2019offrandes.<\/li>\n<li>Lorsque vous tournez les <strong>moulins \u00e0 pri\u00e8res<\/strong>, <strong>faites-le uniquement dans le sens des aiguilles d\u2019une montre<\/strong>. <strong>Ne vous asseyez pas et ne marchez pas sur le seuil d\u2019un temple<\/strong>, c\u2019est consid\u00e9r\u00e9 comme irrespectueux.<\/li>\n<li>Si vous rencontrez des chiens, <strong>ne les chassez pas et ne leur lancez rien<\/strong>. De m\u00eame, si vous accompagnez des p\u00e8lerins lors de prosternations ou de p\u00e8lerinages, <strong>marchez toujours dans le sens des aiguilles d\u2019une montre<\/strong>. <strong>Ne prenez pas en photo les fid\u00e8les en train de se prosterner<\/strong>.<\/li>\n<li><strong>N\u2019achetez ni ne transportez aucun produit issu d\u2019animaux sauvages<\/strong>, tels que <strong>des cornes d\u2019antilopes tib\u00e9taines ou des cr\u00e2nes de yaks sauvages<\/strong>. Ce comportement est <strong>consid\u00e9r\u00e9 comme un soutien au braconnage<\/strong>. Si vous \u00eates en possession de ces objets, <strong>vous risquez des sanctions graves<\/strong>.<\/li>\n<li>Enfin, <strong>ne vous servez jamais de papiers imprim\u00e9s en \u00e9criture tib\u00e9taine pour vous essuyer les mains ou pour d\u2019autres usages inappropri\u00e9s<\/strong>. Cela est <strong>consid\u00e9r\u00e9 comme un grave manque de respect envers les enseignements bouddhistes<\/strong>.<\/li>\n<\/ol>\n","protected":false},"excerpt":{"rendered":"<p>On peut souvent voir des drapeaux de pri\u00e8re color\u00e9s (Lungta) accroch\u00e9s aux arbres, sur les montagnes ou les toits. Ces drapeaux sont imprim\u00e9s avec le mantra en six syllabes \u00ab Om Mani Padme Hum \u00bb. Les Tib\u00e9tains croient que chaque mouvement du drapeau dans le vent \u00e9quivaut \u00e0 une r\u00e9citation du mantra. Veuillez ne pas [&hellip;]<\/p>\n","protected":false},"author":1,"featured_media":0,"parent":6769,"menu_order":0,"comment_status":"closed","ping_status":"closed","template":"","meta":{"_acf_changed":false,"footnotes":""},"class_list":["post-6773","page","type-page","status-publish","hentry"],"acf":[],"_links":{"self":[{"href":"https:\/\/www.enigmatictibettravel.com\/fr\/wp-json\/wp\/v2\/pages\/6773","targetHints":{"allow":["GET"]}}],"collection":[{"href":"https:\/\/www.enigmatictibettravel.com\/fr\/wp-json\/wp\/v2\/pages"}],"about":[{"href":"https:\/\/www.enigmatictibettravel.com\/fr\/wp-json\/wp\/v2\/types\/page"}],"author":[{"embeddable":true,"href":"https:\/\/www.enigmatictibettravel.com\/fr\/wp-json\/wp\/v2\/users\/1"}],"replies":[{"embeddable":true,"href":"https:\/\/www.enigmatictibettravel.com\/fr\/wp-json\/wp\/v2\/comments?post=6773"}],"version-history":[{"count":4,"href":"https:\/\/www.enigmatictibettravel.com\/fr\/wp-json\/wp\/v2\/pages\/6773\/revisions"}],"predecessor-version":[{"id":8456,"href":"https:\/\/www.enigmatictibettravel.com\/fr\/wp-json\/wp\/v2\/pages\/6773\/revisions\/8456"}],"up":[{"embeddable":true,"href":"https:\/\/www.enigmatictibettravel.com\/fr\/wp-json\/wp\/v2\/pages\/6769"}],"wp:attachment":[{"href":"https:\/\/www.enigmatictibettravel.com\/fr\/wp-json\/wp\/v2\/media?parent=6773"}],"curies":[{"name":"wp","href":"https:\/\/api.w.org\/{rel}","templated":true}]}}