{"id":6772,"date":"2024-09-28T22:05:23","date_gmt":"2024-09-28T14:05:23","guid":{"rendered":"https:\/\/www.enigmatictibettravel.com\/travel-guide\/exchange-payment"},"modified":"2025-05-29T16:45:21","modified_gmt":"2025-05-29T08:45:21","slug":"exchange-payment","status":"publish","type":"page","link":"https:\/\/www.enigmatictibettravel.com\/fr\/travel-guide\/exchange-payment","title":{"rendered":"Change de devises et instructions de paiement"},"content":{"rendered":"<h3 data-start=\"123\" data-end=\"167\"><strong>Informations sur le change de devises<\/strong><\/h3>\n<ol data-start=\"169\" data-end=\"1545\">\n<li data-start=\"169\" data-end=\"533\">\n<p data-start=\"172\" data-end=\"533\">\u00c0 Lhassa, les succursales de la <strong data-start=\"204\" data-end=\"221\">Bank of China<\/strong>, de la <strong data-start=\"229\" data-end=\"256\">Banque postale chinoise<\/strong>, de la <strong data-start=\"264\" data-end=\"292\">Banque agricole de Chine<\/strong> et de la <strong data-start=\"302\" data-end=\"337\">Banque de construction de Chine<\/strong> sont nombreuses. La plupart disposent de <strong data-start=\"379\" data-end=\"415\">distributeurs automatiques (DAB)<\/strong>. <strong data-start=\"417\" data-end=\"431\">WeChat Pay<\/strong> et <strong data-start=\"435\" data-end=\"445\">Alipay<\/strong> sont largement utilis\u00e9s dans toute la r\u00e9gion, ce qui rend les paiements tr\u00e8s pratiques.<\/p>\n<\/li>\n<li data-start=\"535\" data-end=\"1048\">\n<p data-start=\"538\" data-end=\"1048\">Il est conseill\u00e9 de <strong data-start=\"558\" data-end=\"600\">garder un peu d&rsquo;argent liquide sur soi<\/strong> par pr\u00e9caution<br data-start=\"615\" data-end=\"618\" \/><strong data-start=\"618\" data-end=\"643\">Remarque importante :<\/strong> les retraits au DAB entra\u00eenent g\u00e9n\u00e9ralement des <strong data-start=\"692\" data-end=\"716\">frais de transaction<\/strong>, dont le montant varie selon la somme retir\u00e9e. De plus, <strong data-start=\"773\" data-end=\"826\">tous les DAB ne fonctionnent pas 24 heures sur 24<\/strong>, et dans les zones urbaines, il est fr\u00e9quent que certains distributeurs soient <strong data-start=\"906\" data-end=\"962\">\u00e0 court de billets en raison d\u2019une forte utilisation<\/strong>. Il est donc recommand\u00e9 de <strong data-start=\"990\" data-end=\"1024\">pr\u00e9voir suffisamment d&rsquo;esp\u00e8ces<\/strong> pour \u00e9viter toute g\u00eane.<\/p>\n<\/li>\n<li data-start=\"1050\" data-end=\"1221\">\n<p data-start=\"1053\" data-end=\"1221\">La <strong data-start=\"1056\" data-end=\"1093\">cinqui\u00e8me s\u00e9rie du Renminbi (RMB)<\/strong> comprend <strong data-start=\"1103\" data-end=\"1120\">huit coupures<\/strong> : 100 yuans, 50 yuans, 20 yuans, 10 yuans, 5 yuans, 1 yuan, 0,5 yuan (50 jiao) et 0,1 yuan (10 jiao)<\/p>\n<\/li>\n<li data-start=\"1223\" data-end=\"1545\">\n<p data-start=\"1226\" data-end=\"1545\">Conform\u00e9ment \u00e0 la r\u00e9glementation douani\u00e8re chinoise, <strong data-start=\"1279\" data-end=\"1405\">toute personne \u00e2g\u00e9e de 16 ans ou plus transportant plus de 5000 dollars am\u00e9ricains en esp\u00e8ces doit le d\u00e9clarer \u00e0 la douane<\/strong>. Pour conna\u00eetre les d\u00e9marches exactes, il est conseill\u00e9 de <strong data-start=\"1465\" data-end=\"1544\">se renseigner aupr\u00e8s du personnel de la douane ou de l&rsquo;a\u00e9roport \u00e0 l&rsquo;arriv\u00e9e<\/strong>.<\/p>\n<\/li>\n<\/ol>\n<h3 data-start=\"1552\" data-end=\"1598\"><strong>Informations sur les moyens de paiement<\/strong><\/h3>\n<ol data-start=\"1600\" data-end=\"3313\">\n<li data-start=\"1600\" data-end=\"2046\">\n<p data-start=\"1603\" data-end=\"2046\"><strong data-start=\"1603\" data-end=\"1623\">Cartes bancaires<\/strong> : Si vous d\u00e9tenez une carte portant le logo <strong data-start=\"1668\" data-end=\"1680\">UnionPay<\/strong>, <strong data-start=\"1682\" data-end=\"1690\">Visa<\/strong> ou <strong data-start=\"1694\" data-end=\"1708\">Mastercard<\/strong>, vous pouvez effectuer des paiements dans les commerces affichant les marques correspondantes. En l\u2019absence de logo visible, vous pouvez <strong data-start=\"1846\" data-end=\"1909\">demander au personnel de caisse si votre carte est accept\u00e9e<\/strong>. Les <strong data-start=\"1915\" data-end=\"1934\">cartes UnionPay<\/strong> sont g\u00e9n\u00e9ralement accept\u00e9es dans <strong data-start=\"1968\" data-end=\"2045\">la plupart des points de vente \u00e9quip\u00e9s de terminaux en Chine continentale<\/strong>.<\/p>\n<\/li>\n<li data-start=\"2048\" data-end=\"2196\">\n<p data-start=\"2051\" data-end=\"2196\"><strong data-start=\"2051\" data-end=\"2072\">Paiements mobiles<\/strong><br data-start=\"2072\" data-end=\"2075\" \/><strong data-start=\"2075\" data-end=\"2118\">Alipay (version internationale requise)<\/strong><br data-start=\"2118\" data-end=\"2121\" \/><strong data-start=\"2121\" data-end=\"2196\">WeChat Pay (disponible pour les touristes apr\u00e8s v\u00e9rification du compte)<\/strong><\/p>\n<\/li>\n<li data-start=\"2198\" data-end=\"2678\">\n<p data-start=\"2201\" data-end=\"2678\"><strong data-start=\"2201\" data-end=\"2212\">Esp\u00e8ces<\/strong> : Si vous avez besoin de <strong data-start=\"2238\" data-end=\"2259\">liquidit\u00e9s en RMB<\/strong>, vous pouvez retirer des esp\u00e8ces via les DAB affichant le logo de votre r\u00e9seau de carte (Visa, Mastercard, UnionPay). Vous pouvez \u00e9galement <strong data-start=\"2400\" data-end=\"2450\">\u00e9changer des devises \u00e9trang\u00e8res contre des RMB<\/strong> dans les <strong data-start=\"2460\" data-end=\"2567\">agences bancaires offrant ce service, les bureaux de change agr\u00e9\u00e9s ou aux bornes automatiques de change<\/strong>. Pour conna\u00eetre les devises accept\u00e9es, veuillez <strong data-start=\"2616\" data-end=\"2677\">vous renseigner directement aupr\u00e8s du personnel sur place<\/strong>.<\/p>\n<\/li>\n<li data-start=\"2680\" data-end=\"3313\">\n<p data-start=\"2683\" data-end=\"3313\"><strong data-start=\"2683\" data-end=\"2704\">Comptes bancaires<\/strong> : Avec un <strong data-start=\"2715\" data-end=\"2762\">passeport ou autre pi\u00e8ce d&rsquo;identit\u00e9 valable<\/strong>, vous pouvez ouvrir un <strong data-start=\"2786\" data-end=\"2837\">compte bancaire en RMB ou en devises \u00e9trang\u00e8res<\/strong> dans les agences proches de banques telles que <strong data-start=\"2885\" data-end=\"2987\">ICBC, Agricultural Bank of China, Bank of China, China Construction Bank et Bank of Communications<\/strong>. Une fois votre compte ouvert, vous pouvez b\u00e9n\u00e9ficier de services tels que <strong data-start=\"3063\" data-end=\"3185\">d\u00e9p\u00f4ts et retraits en RMB ou en devises, change de devises, virements nationaux et internationaux, et paiements divers<\/strong>. Pour les conditions sp\u00e9cifiques, veuillez <strong data-start=\"3229\" data-end=\"3312\">vous adresser au personnel en agence ou consulter le site officiel de la banque<\/strong>.<\/p>\n<\/li>\n<\/ol>\n","protected":false},"excerpt":{"rendered":"<p>Informations sur le change de devises \u00c0 Lhassa, les succursales de la Bank of China, de la Banque postale chinoise, de la Banque agricole de Chine et de la Banque de construction de Chine sont nombreuses. La plupart disposent de distributeurs automatiques (DAB). WeChat Pay et Alipay sont largement utilis\u00e9s dans toute la r\u00e9gion, ce [&hellip;]<\/p>\n","protected":false},"author":1,"featured_media":0,"parent":6769,"menu_order":0,"comment_status":"closed","ping_status":"closed","template":"","meta":{"_acf_changed":false,"footnotes":""},"class_list":["post-6772","page","type-page","status-publish","hentry"],"acf":[],"_links":{"self":[{"href":"https:\/\/www.enigmatictibettravel.com\/fr\/wp-json\/wp\/v2\/pages\/6772","targetHints":{"allow":["GET"]}}],"collection":[{"href":"https:\/\/www.enigmatictibettravel.com\/fr\/wp-json\/wp\/v2\/pages"}],"about":[{"href":"https:\/\/www.enigmatictibettravel.com\/fr\/wp-json\/wp\/v2\/types\/page"}],"author":[{"embeddable":true,"href":"https:\/\/www.enigmatictibettravel.com\/fr\/wp-json\/wp\/v2\/users\/1"}],"replies":[{"embeddable":true,"href":"https:\/\/www.enigmatictibettravel.com\/fr\/wp-json\/wp\/v2\/comments?post=6772"}],"version-history":[{"count":7,"href":"https:\/\/www.enigmatictibettravel.com\/fr\/wp-json\/wp\/v2\/pages\/6772\/revisions"}],"predecessor-version":[{"id":8413,"href":"https:\/\/www.enigmatictibettravel.com\/fr\/wp-json\/wp\/v2\/pages\/6772\/revisions\/8413"}],"up":[{"embeddable":true,"href":"https:\/\/www.enigmatictibettravel.com\/fr\/wp-json\/wp\/v2\/pages\/6769"}],"wp:attachment":[{"href":"https:\/\/www.enigmatictibettravel.com\/fr\/wp-json\/wp\/v2\/media?parent=6772"}],"curies":[{"name":"wp","href":"https:\/\/api.w.org\/{rel}","templated":true}]}}