{"id":6770,"date":"2024-09-28T22:02:00","date_gmt":"2024-09-28T14:02:00","guid":{"rendered":"https:\/\/www.enigmatictibettravel.com\/travel-guide\/letter-of-entry-into-tibet"},"modified":"2025-05-29T17:27:32","modified_gmt":"2025-05-29T09:27:32","slug":"letter-of-entry-into-tibet","status":"publish","type":"page","link":"https:\/\/www.enigmatictibettravel.com\/fr\/travel-guide\/letter-of-entry-into-tibet","title":{"rendered":"Guide de voyage au Tibet pour les \u00e9trangers"},"content":{"rendered":"\n<h2 class=\"wp-block-heading\"> Qu\u2019est-ce que le Permis d\u2019Entr\u00e9e au Tibet ?<\/h2>\n\n<p>Le <strong>permis d\u2019entr\u00e9e au Tibet<\/strong>, officiellement appel\u00e9 <strong>permis de voyage au Tibet pour les \u00e9trangers<\/strong>, est un document obligatoire pour tout voyageur d\u00e9tenteur d\u2019un <strong>passeport \u00e9tranger<\/strong> ou d\u2019un <strong>passeport de Ta\u00efwan (Chine)<\/strong> avant d\u2019entrer dans la r\u00e9gion autonome du Tibet. Ce document se compose de <strong>deux pages au format A4<\/strong>.<br\/><br\/>La <strong>premi\u00e8re page<\/strong> indique les <strong>dates d\u2019entr\u00e9e et de sortie<\/strong>, les <strong>sites touristiques pr\u00e9vus<\/strong>, ainsi que le <strong>nom de l\u2019agence de voyage r\u00e9ceptrice<\/strong>. La <strong>deuxi\u00e8me page<\/strong> mentionne les <strong>noms, dates de naissance et num\u00e9ros de passeport<\/strong> de tous les voyageurs, accompagn\u00e9s des <strong>tampons officiels d\u2019approbation des autorit\u00e9s comp\u00e9tentes<\/strong> et de <strong>marques de s\u00e9curit\u00e9 anti-contrefa\u00e7on<\/strong>.<br\/><br\/>L\u2019obtention du <strong>permis d\u2019entr\u00e9e au Tibet pour les \u00e9trangers<\/strong> n\u2019est pas compliqu\u00e9e. Il suffit de <strong>faire une demande au moins un mois \u00e0 l\u2019avance<\/strong> aupr\u00e8s de notre soci\u00e9t\u00e9, <strong>Tibet Xingyu International Travel Service Co., Ltd.<\/strong> Nous proposons des <strong>circuits sp\u00e9cialement con\u00e7us pour les voyageurs \u00e9trangers<\/strong>, \u00e0 des <strong>prix abordables<\/strong>, avec un <strong>service professionnel<\/strong>. Surtout, nous avons une <strong>grande exp\u00e9rience dans le traitement efficace et s\u00e9curis\u00e9 de ce document<\/strong>.<br\/><br\/>Selon les <strong>r\u00e8glements du D\u00e9partement de la culture et du tourisme du Tibet<\/strong>, <strong>les ressortissants \u00e9trangers ne sont pas autoris\u00e9s \u00e0 voyager de mani\u00e8re autonome au Tibet<\/strong>. Peu importe le nombre de participants, <strong>les \u00e9trangers doivent obligatoirement voyager en groupe organis\u00e9<\/strong>, sous la responsabilit\u00e9 d\u2019une agence de voyage, qui doit fournir <strong>un v\u00e9hicule priv\u00e9 et un guide touristique accompagnateur pendant tout le s\u00e9jour<\/strong>. Par cons\u00e9quent, <strong>la seule fa\u00e7on l\u00e9gale pour un \u00e9tranger de visiter le Tibet est de participer \u00e0 un circuit priv\u00e9 organis\u00e9 par une agence agr\u00e9\u00e9e<\/strong>.<br\/><br\/>Par ailleurs, <strong>l\u2019entr\u00e9e et la sortie du Tibet sont strictement r\u00e9glement\u00e9es<\/strong> pour les \u00e9trangers. Actuellement, <strong>seuls les trajets en avion ou en train sont autoris\u00e9s<\/strong>. <strong>L\u2019acc\u00e8s au Tibet en voiture personnelle, \u00e0 v\u00e9lo, \u00e0 moto ou \u00e0 pied est interdit<\/strong>.<br\/><ol>&#13;\n \t<li>Personnes concern\u00e9es : <strong>ressortissants \u00e9trangers, voyageurs originaires de Ta\u00efwan (Chine), et Chinois r\u00e9sidant \u00e0 l\u2019\u00e9tranger avec passeport \u00e9tranger<\/strong><\/li>&#13;\n \t<li>Quand le permis est requis : il doit \u00eatre pr\u00e9sent\u00e9 <strong>au moment d\u2019embarquer dans l\u2019avion ou le train<\/strong> \u00e0 destination du Tibet. <strong>L\u2019original est obligatoire pour les vols<\/strong>, tandis qu\u2019une <strong>copie imprim\u00e9e suffit pour les trajets en train<\/strong><\/li>&#13;\n \t<li>D\u00e9lais de traitement : g\u00e9n\u00e9ralement <strong>entre 15 et 30 jours<\/strong>. Il est donc n\u00e9cessaire de <strong>soumettre les documents requis au moins 30 jours \u00e0 l\u2019avance<\/strong>. En p\u00e9riode de <strong>haute saison touristique<\/strong> ou si l\u2019itin\u00e9raire comprend des <strong>zones restreintes<\/strong> (telles que le Mont Everest ou le Mont Kailash), un d\u00e9lai <strong>d\u2019au moins 40 jours<\/strong> est recommand\u00e9<\/li>&#13;\n \t<li>Les <strong>particuliers ne peuvent pas effectuer la demande eux-m\u00eames<\/strong>, elle doit \u00eatre <strong>g\u00e9r\u00e9e par notre agence<\/strong><\/li>&#13;\n \t<li>Dates de voyage : le permis peut indiquer une <strong>dur\u00e9e plus longue que celle r\u00e9ellement pr\u00e9vue<\/strong>, afin de permettre une certaine <strong>flexibilit\u00e9 en cas de changement de programme<\/strong> (par exemple, rester quelques jours de plus)<\/li>&#13;\n \t<li>Itin\u00e9raire : il faut <strong>d\u00e9finir clairement \u00e0 l\u2019avance les lieux \u00e0 visiter<\/strong>, car <strong>le permis doit inclure tous les lieux pr\u00e9vus<\/strong>. Les sites non indiqu\u00e9s <strong>ne pourront pas \u00eatre visit\u00e9s<\/strong><\/li>&#13;\n \t<li>Documents requis : <strong>tous les documents doivent \u00eatre valides<\/strong><\/li>&#13;\n \t<li>Documents selon le type de visa :&#13;\nVisa touristique (type L) : <strong>passeport + visa<\/strong>&#13;\nVisa familial (type Q) : <strong>passeport + visa + lettre d\u2019invitation<\/strong>&#13;\nVisa de travail (type Z) : <strong>passeport + visa + attestation d\u2019emploi<\/strong>&#13;\nVisa \u00e9tudiant (type X) : <strong>passeport + visa + certificat de scolarit\u00e9<\/strong><\/li>&#13;\n \t<li>Les citoyens de <strong>pays exempt\u00e9s de visa<\/strong> pour la Chine <strong>n\u2019ont pas besoin de fournir un visa<\/strong>, \u00e0 condition que <strong>leur s\u00e9jour soit dans la limite autoris\u00e9e par l\u2019exemption<\/strong><\/li>&#13;\n<\/ol><\/p>\n\n<figure class=\"wp-block-gallery has-nested-images columns-default is-cropped wp-block-gallery-1 is-layout-flex wp-block-gallery-is-layout-flex\">\n<figure class=\"wp-block-image size-large\"><img decoding=\"async\" data-id=\"1172\" src=\"https:\/\/www.enigmatictibettravel.com\/wp-content\/uploads\/2025\/04\/&#x8FDB;&#x85CF;&#x8BB8;&#x53EF;&#x8BC1;&#xFF08;&#x4FEE;&#x6539;2&#xFF09;-1024x745.jpg\" alt=\"\" class=\"wp-image-1172\"\/><\/figure>\n<\/figure>\n<div class=\"wp-block-image\">\n<figure class=\"aligncenter size-large is-resized\"><img decoding=\"async\" src=\"https:\/\/www.enigmatictibettravel.com\/wp-content\/uploads\/2025\/04\/&#x8FDB;&#x85CF;&#x8BB8;&#x53EF;&#x8BC1;&#x6E38;&#x5BA2;&#x540D;&#x5355;&#xFF08;&#x5DF2;&#x4FEE;&#x6539;&#xFF09;-1024x704.jpg\" alt=\"\" class=\"wp-image-1174\" style=\"width:1400px;height:auto\"\/><\/figure>\n<\/div><div class=\"wp-block-image\">\n<figure class=\"aligncenter size-large\"><img decoding=\"async\" src=\"https:\/\/www.enigmatictibettravel.com\/wp-content\/uploads\/2025\/04\/&#x63A2;&#x4EB2;&#x7B7E;&#x8BC1;&#x660E;&#xFF08;&#x4FEE;&#x6539;2&#xFF09;-897x1024.jpg\" alt=\"\" class=\"wp-image-1175\"\/><\/figure>\n<\/div><div class=\"wp-block-image\">\n<figure class=\"aligncenter size-large\"><img decoding=\"async\" src=\"https:\/\/www.enigmatictibettravel.com\/wp-content\/uploads\/2025\/04\/&#x53F0;&#x6E7E;&#x540C;&#x80DE;&#x8FDB;&#x85CF;&#x786E;&#x8BA4;&#x51FD;&#xFF08;&#x4FEE;&#x6539;2&#xFF09;-727x1024.jpg\" alt=\"\" class=\"wp-image-1176\"\/><\/figure>\n<\/div><div class=\"wp-block-image\">\n<figure class=\"aligncenter size-large\"><img decoding=\"async\" src=\"https:\/\/www.enigmatictibettravel.com\/wp-content\/uploads\/2025\/04\/&#x53F0;&#x6E7E;&#x540C;&#x80DE;&#x786E;&#x8BA4;&#x51FD;&#x540D;&#x5355;&#xFF08;&#x4FEE;&#x6539;&#xFF09;-1024x609.jpg\" alt=\"\" class=\"wp-image-1177\"\/><\/figure>\n<\/div>","protected":false},"excerpt":{"rendered":"<p>Qu\u2019est-ce que le Permis d\u2019Entr\u00e9e au Tibet ? Le permis d\u2019entr\u00e9e au Tibet, officiellement appel\u00e9 permis de voyage au Tibet pour les \u00e9trangers, est un document obligatoire pour tout voyageur d\u00e9tenteur d\u2019un passeport \u00e9tranger ou d\u2019un passeport de Ta\u00efwan (Chine) avant d\u2019entrer dans la r\u00e9gion autonome du Tibet. Ce document se compose de deux pages [&hellip;]<\/p>\n","protected":false},"author":1,"featured_media":0,"parent":6769,"menu_order":0,"comment_status":"closed","ping_status":"closed","template":"","meta":{"_acf_changed":false,"footnotes":""},"class_list":["post-6770","page","type-page","status-publish","hentry"],"acf":[],"_links":{"self":[{"href":"https:\/\/www.enigmatictibettravel.com\/fr\/wp-json\/wp\/v2\/pages\/6770","targetHints":{"allow":["GET"]}}],"collection":[{"href":"https:\/\/www.enigmatictibettravel.com\/fr\/wp-json\/wp\/v2\/pages"}],"about":[{"href":"https:\/\/www.enigmatictibettravel.com\/fr\/wp-json\/wp\/v2\/types\/page"}],"author":[{"embeddable":true,"href":"https:\/\/www.enigmatictibettravel.com\/fr\/wp-json\/wp\/v2\/users\/1"}],"replies":[{"embeddable":true,"href":"https:\/\/www.enigmatictibettravel.com\/fr\/wp-json\/wp\/v2\/comments?post=6770"}],"version-history":[{"count":6,"href":"https:\/\/www.enigmatictibettravel.com\/fr\/wp-json\/wp\/v2\/pages\/6770\/revisions"}],"predecessor-version":[{"id":8441,"href":"https:\/\/www.enigmatictibettravel.com\/fr\/wp-json\/wp\/v2\/pages\/6770\/revisions\/8441"}],"up":[{"embeddable":true,"href":"https:\/\/www.enigmatictibettravel.com\/fr\/wp-json\/wp\/v2\/pages\/6769"}],"wp:attachment":[{"href":"https:\/\/www.enigmatictibettravel.com\/fr\/wp-json\/wp\/v2\/media?parent=6770"}],"curies":[{"name":"wp","href":"https:\/\/api.w.org\/{rel}","templated":true}]}}