{"id":6769,"date":"2024-09-15T02:45:55","date_gmt":"2024-09-14T18:45:55","guid":{"rendered":"https:\/\/www.enigmatictibettravel.com\/travel-guide"},"modified":"2025-05-16T17:35:22","modified_gmt":"2025-05-16T09:35:22","slug":"travel-guide","status":"publish","type":"page","link":"https:\/\/www.enigmatictibettravel.com\/fr\/travel-guide","title":{"rendered":"Guide pratique"},"content":{"rendered":"<p>Il est tout \u00e0 fait courant de se sentir perdu ou d\u00e9pass\u00e9 lors d\u2019un premier voyage au Tibet. C\u2019est pourquoi nous vous recommandons de consulter quelques informations de base avant votre d\u00e9part, ainsi que notre \u00ab Guide Pratique de Voyage \u00bb pour mieux comprendre le Tibet.<br \/>\nPortez une attention particuli\u00e8re aux coutumes locales, aux informations sur le permis d\u2019entr\u00e9e au Tibet, aux conseils de change, aux moyens de paiement et aux donn\u00e9es g\u00e9ographiques.<br \/>\nDe nombreuses questions fr\u00e9quemment pos\u00e9es par les nouveaux voyageurs trouvent r\u00e9ponse dans ce guide.<br \/>\nLes astuces et conseils pratiques vous aideront \u00e0 visiter le Tibet en toute s\u00e9r\u00e9nit\u00e9.<\/p>\n","protected":false},"excerpt":{"rendered":"<p>Il est tout \u00e0 fait courant de se sentir perdu ou d\u00e9pass\u00e9 lors d\u2019un premier voyage au Tibet. C\u2019est pourquoi nous vous recommandons de consulter quelques informations de base avant votre d\u00e9part, ainsi que notre \u00ab Guide Pratique de Voyage \u00bb pour mieux comprendre le Tibet. Portez une attention particuli\u00e8re aux coutumes locales, aux informations [&hellip;]<\/p>\n","protected":false},"author":1,"featured_media":0,"parent":0,"menu_order":0,"comment_status":"closed","ping_status":"closed","template":"page-templates\/page-travel-guide.php","meta":{"_acf_changed":false,"footnotes":""},"class_list":["post-6769","page","type-page","status-publish","hentry"],"acf":[],"_links":{"self":[{"href":"https:\/\/www.enigmatictibettravel.com\/fr\/wp-json\/wp\/v2\/pages\/6769","targetHints":{"allow":["GET"]}}],"collection":[{"href":"https:\/\/www.enigmatictibettravel.com\/fr\/wp-json\/wp\/v2\/pages"}],"about":[{"href":"https:\/\/www.enigmatictibettravel.com\/fr\/wp-json\/wp\/v2\/types\/page"}],"author":[{"embeddable":true,"href":"https:\/\/www.enigmatictibettravel.com\/fr\/wp-json\/wp\/v2\/users\/1"}],"replies":[{"embeddable":true,"href":"https:\/\/www.enigmatictibettravel.com\/fr\/wp-json\/wp\/v2\/comments?post=6769"}],"version-history":[{"count":1,"href":"https:\/\/www.enigmatictibettravel.com\/fr\/wp-json\/wp\/v2\/pages\/6769\/revisions"}],"predecessor-version":[{"id":8048,"href":"https:\/\/www.enigmatictibettravel.com\/fr\/wp-json\/wp\/v2\/pages\/6769\/revisions\/8048"}],"wp:attachment":[{"href":"https:\/\/www.enigmatictibettravel.com\/fr\/wp-json\/wp\/v2\/media?parent=6769"}],"curies":[{"name":"wp","href":"https:\/\/api.w.org\/{rel}","templated":true}]}}