{"id":6852,"date":"2024-09-28T22:04:11","date_gmt":"2024-09-28T14:04:11","guid":{"rendered":"https:\/\/www.enigmatictibettravel.com\/travel-guide\/tibet-culture"},"modified":"2025-05-29T18:07:22","modified_gmt":"2025-05-29T10:07:22","slug":"tibet-culture","status":"publish","type":"page","link":"https:\/\/www.enigmatictibettravel.com\/es\/travel-guide\/tibet-culture","title":{"rendered":"Costumbres y cultura tibetanas"},"content":{"rendered":"<ol>\n<li>Es com\u00fan ver <strong>banderas de oraci\u00f3n de colores (lungta)<\/strong> colgadas en \u00e1rboles, monta\u00f1as o tejados. Estas banderas contienen el <strong>mantra de seis s\u00edlabas \u00abOm Mani Padme Hum\u00bb<\/strong>, y los tibetanos creen que cada vez que el viento las agita, es como si se recitara el mantra una vez. <strong>No las toques ni las tires<\/strong>, aunque las veas durante tu viaje.<\/li>\n<li>Si ves <strong>vacas u ovejas con trozos de tela roja, amarilla o verde atados al cuerpo<\/strong>, <strong>no las ahuyentes ni las molestes<\/strong>. Estos animales han sido <strong>ofrecidos a las deidades<\/strong> y han sido <strong>liberados en un acto ritual (fangsheng)<\/strong>, por lo tanto, deben ser respetados.<\/li>\n<li>Al visitar <strong>templos o estupas<\/strong>, hay ciertas normas que se deben seguir. <strong>Evita consumir ajo antes de entrar<\/strong>, ya que ingresar a un templo despu\u00e9s de haber comido ajo est\u00e1 <strong>estrictamente prohibido<\/strong> por motivos culturales y religiosos.<\/li>\n<li>Al ingresar a un templo, debes <strong>quitarte el sombrero y las gafas de sol<\/strong>. Las mujeres deben evitar <strong>ropa reveladora<\/strong>, como <strong>faldas cortas o pantalones cortos<\/strong>.<\/li>\n<li>Durante la visita, <strong>no fumes, no toques las estatuas de Buda ni manipules los textos sagrados<\/strong>. Asimismo, <strong>no toques los amuletos o rosarios de los monjes<\/strong>. Mant\u00e9n una actitud <strong>silenciosa y respetuosa<\/strong>, y <strong>no hables en voz alta<\/strong>.<\/li>\n<li><strong>No est\u00e1 permitido tomar fotos ni grabar v\u00eddeos dentro de los templos sin autorizaci\u00f3n expresa.<\/strong><\/li>\n<li>Al <strong>rodear lugares sagrados o estupas<\/strong>, hazlo <strong>siempre en el sentido de las agujas del reloj (de izquierda a derecha)<\/strong>. <strong>No camines en sentido contrario<\/strong>, excepto en los templos de la tradici\u00f3n Bon, donde la direcci\u00f3n es inversa. <strong>No pases por encima de objetos rituales<\/strong> como cuencos de ofrendas o braseros.<\/li>\n<li>Al girar <strong>las ruedas de oraci\u00f3n (mani)<\/strong>, <strong>hazlo siempre en sentido horario<\/strong>. <strong>No te sientes ni pises los umbrales de las puertas de los templos<\/strong>, ya que se considera una falta de respeto.<\/li>\n<li>Si te encuentras con perros en el camino, <strong>no los ahuyentes ni les lances objetos<\/strong>. Del mismo modo, si participas en rituales con peregrinos, como postraciones o circunvalaciones, <strong>hazlo siempre en sentido de las agujas del reloj<\/strong>. <strong>No tomes fotos de los fieles mientras se postran completamente en el suelo.<\/strong><\/li>\n<li><strong>No compres ni transportes productos elaborados con partes de animales salvajes<\/strong>, como <strong>cuernos de ant\u00edlopes tibetanos o cr\u00e1neos de yaks salvajes<\/strong>. Estas acciones se consideran <strong>un apoyo a la caza furtiva<\/strong>, y la posesi\u00f3n de tales objetos puede conllevar <strong>graves consecuencias legales<\/strong>.<\/li>\n<li>Por \u00faltimo, <strong>nunca utilices papel con escritura tibetana para limpiarte las manos o con fines inapropiados<\/strong>, ya que se considera <strong>una grave falta de respeto hacia las ense\u00f1anzas budistas<\/strong>.<\/li>\n<\/ol>\n","protected":false},"excerpt":{"rendered":"<p>Es com\u00fan ver banderas de oraci\u00f3n de colores (lungta) colgadas en \u00e1rboles, monta\u00f1as o tejados. Estas banderas contienen el mantra de seis s\u00edlabas \u00abOm Mani Padme Hum\u00bb, y los tibetanos creen que cada vez que el viento las agita, es como si se recitara el mantra una vez. No las toques ni las tires, aunque [&hellip;]<\/p>\n","protected":false},"author":1,"featured_media":0,"parent":6847,"menu_order":0,"comment_status":"closed","ping_status":"closed","template":"","meta":{"_acf_changed":false,"footnotes":""},"class_list":["post-6852","page","type-page","status-publish","hentry"],"acf":[],"_links":{"self":[{"href":"https:\/\/www.enigmatictibettravel.com\/es\/wp-json\/wp\/v2\/pages\/6852","targetHints":{"allow":["GET"]}}],"collection":[{"href":"https:\/\/www.enigmatictibettravel.com\/es\/wp-json\/wp\/v2\/pages"}],"about":[{"href":"https:\/\/www.enigmatictibettravel.com\/es\/wp-json\/wp\/v2\/types\/page"}],"author":[{"embeddable":true,"href":"https:\/\/www.enigmatictibettravel.com\/es\/wp-json\/wp\/v2\/users\/1"}],"replies":[{"embeddable":true,"href":"https:\/\/www.enigmatictibettravel.com\/es\/wp-json\/wp\/v2\/comments?post=6852"}],"version-history":[{"count":3,"href":"https:\/\/www.enigmatictibettravel.com\/es\/wp-json\/wp\/v2\/pages\/6852\/revisions"}],"predecessor-version":[{"id":8461,"href":"https:\/\/www.enigmatictibettravel.com\/es\/wp-json\/wp\/v2\/pages\/6852\/revisions\/8461"}],"up":[{"embeddable":true,"href":"https:\/\/www.enigmatictibettravel.com\/es\/wp-json\/wp\/v2\/pages\/6847"}],"wp:attachment":[{"href":"https:\/\/www.enigmatictibettravel.com\/es\/wp-json\/wp\/v2\/media?parent=6852"}],"curies":[{"name":"wp","href":"https:\/\/api.w.org\/{rel}","templated":true}]}}