{"id":6851,"date":"2024-09-28T22:05:23","date_gmt":"2024-09-28T14:05:23","guid":{"rendered":"https:\/\/www.enigmatictibettravel.com\/travel-guide\/exchange-payment"},"modified":"2025-05-29T16:56:21","modified_gmt":"2025-05-29T08:56:21","slug":"exchange-payment","status":"publish","type":"page","link":"https:\/\/www.enigmatictibettravel.com\/es\/travel-guide\/exchange-payment","title":{"rendered":"Cambio de divisas e instrucciones de pago"},"content":{"rendered":"<h3 data-start=\"137\" data-end=\"182\"><strong>Informaci\u00f3n sobre el cambio de divisas<\/strong><\/h3>\n<ol data-start=\"184\" data-end=\"1486\">\n<li data-start=\"184\" data-end=\"510\">\n<p data-start=\"187\" data-end=\"510\">En Lhasa, hay muchas sucursales del <strong data-start=\"223\" data-end=\"240\">Bank of China<\/strong>, <strong data-start=\"242\" data-end=\"278\">Banco Postal de Ahorros de China<\/strong>, <strong data-start=\"280\" data-end=\"307\">Banco Agr\u00edcola de China<\/strong> y <strong data-start=\"310\" data-end=\"344\">Banco de Construcci\u00f3n de China<\/strong>. La mayor\u00eda cuenta con <strong data-start=\"368\" data-end=\"397\">cajeros autom\u00e1ticos (ATM)<\/strong>. <strong data-start=\"399\" data-end=\"413\">WeChat Pay<\/strong> y <strong data-start=\"416\" data-end=\"426\">Alipay<\/strong> est\u00e1n ampliamente implementados en toda la regi\u00f3n, lo que facilita mucho los pagos.<\/p>\n<\/li>\n<li data-start=\"512\" data-end=\"993\">\n<p data-start=\"515\" data-end=\"993\">Se recomienda <strong data-start=\"529\" data-end=\"566\">llevar algo de dinero en efectivo<\/strong> por conveniencia<br data-start=\"583\" data-end=\"586\" \/><strong data-start=\"586\" data-end=\"606\">Nota importante:<\/strong> Al retirar dinero de un cajero autom\u00e1tico, normalmente se aplican <strong data-start=\"673\" data-end=\"703\">comisiones por transacci\u00f3n<\/strong>, las cuales var\u00edan seg\u00fan el monto retirado. Adem\u00e1s, <strong data-start=\"756\" data-end=\"811\">no todos los cajeros est\u00e1n disponibles las 24 horas<\/strong>, y es com\u00fan que en zonas urbanas los cajeros est\u00e9n <strong data-start=\"863\" data-end=\"904\">sin efectivo debido a la alta demanda<\/strong>. Por lo tanto, es aconsejable <strong data-start=\"935\" data-end=\"992\">llevar suficiente efectivo para evitar inconvenientes<\/strong>.<\/p>\n<\/li>\n<li data-start=\"995\" data-end=\"1172\">\n<p data-start=\"998\" data-end=\"1172\">La <strong data-start=\"1001\" data-end=\"1036\">quinta serie del renminbi (RMB)<\/strong> incluye <strong data-start=\"1045\" data-end=\"1068\">ocho denominaciones<\/strong>: 100 yuanes, 50 yuanes, 20 yuanes, 10 yuanes, 5 yuanes, 1 yuan, 0,5 yuan (50 jiao) y 0,1 yuan (10 jiao)<\/p>\n<\/li>\n<li data-start=\"1174\" data-end=\"1486\">\n<p data-start=\"1177\" data-end=\"1486\">Seg\u00fan la normativa de aduanas de China, <strong data-start=\"1217\" data-end=\"1357\">las personas mayores de 16 a\u00f1os que lleven m\u00e1s de 5.000 d\u00f3lares estadounidenses en efectivo deben declararlo a las autoridades aduaneras<\/strong>. Para conocer los procedimientos espec\u00edficos, se recomienda <strong data-start=\"1418\" data-end=\"1485\">consultar con el personal de aduanas o del aeropuerto al llegar<\/strong>.<\/p>\n<\/li>\n<\/ol>\n<h3 data-start=\"1493\" data-end=\"1533\"><strong>Informaci\u00f3n sobre m\u00e9todos de pago<\/strong><\/h3>\n<ol data-start=\"1535\" data-end=\"3124\">\n<li data-start=\"1535\" data-end=\"1959\">\n<p data-start=\"1538\" data-end=\"1959\"><strong data-start=\"1538\" data-end=\"1561\">Tarjetas bancarias:<\/strong> Si dispone de una tarjeta con el logotipo de <strong data-start=\"1607\" data-end=\"1619\">UnionPay<\/strong>, <strong data-start=\"1621\" data-end=\"1629\">Visa<\/strong> o <strong data-start=\"1632\" data-end=\"1646\">Mastercard<\/strong>, podr\u00e1 utilizarla en comercios que muestren las marcas correspondientes. Si no hay indicaci\u00f3n visible, puede <strong data-start=\"1756\" data-end=\"1819\">consultar con el personal de caja si su tarjeta es aceptada<\/strong>. Las <strong data-start=\"1825\" data-end=\"1846\">tarjetas UnionPay<\/strong> son aceptadas en <strong data-start=\"1864\" data-end=\"1958\">la mayor\u00eda de los establecimientos en China continental que cuentan con terminales de pago<\/strong>.<\/p>\n<\/li>\n<li data-start=\"1961\" data-end=\"2126\">\n<p data-start=\"1964\" data-end=\"2126\"><strong data-start=\"1964\" data-end=\"1981\">Pagos m\u00f3viles<\/strong><br data-start=\"1981\" data-end=\"1984\" \/><strong data-start=\"1984\" data-end=\"2057\">Alipay (requiere descargar la versi\u00f3n internacional de la aplicaci\u00f3n)<\/strong><br data-start=\"2057\" data-end=\"2060\" \/><strong data-start=\"2060\" data-end=\"2126\">WeChat Pay (disponible para turistas tras verificar la cuenta)<\/strong><\/p>\n<\/li>\n<li data-start=\"2128\" data-end=\"2567\">\n<p data-start=\"2131\" data-end=\"2567\"><strong data-start=\"2131\" data-end=\"2144\">Efectivo:<\/strong> Si necesita <strong data-start=\"2157\" data-end=\"2185\">efectivo en yuanes (RMB)<\/strong>, puede retirarlo de los cajeros autom\u00e1ticos que muestren el logotipo correspondiente a su red (Visa, Mastercard, UnionPay). Tambi\u00e9n puede <strong data-start=\"2324\" data-end=\"2363\">cambiar divisas extranjeras por RMB<\/strong> en <strong data-start=\"2367\" data-end=\"2475\">sucursales bancarias con servicio de cambio, casas de cambio autorizadas o m\u00e1quinas de cambio autom\u00e1tico<\/strong>. Para conocer las divisas aceptadas, <strong data-start=\"2513\" data-end=\"2566\">consulte directamente con el personal en el lugar<\/strong>.<\/p>\n<\/li>\n<li data-start=\"2569\" data-end=\"3124\">\n<p data-start=\"2572\" data-end=\"3124\"><strong data-start=\"2572\" data-end=\"2594\">Cuentas bancarias:<\/strong> Con un <strong data-start=\"2602\" data-end=\"2652\">pasaporte u otro documento de identidad v\u00e1lido<\/strong>, puede abrir una <strong data-start=\"2670\" data-end=\"2716\">cuenta bancaria en RMB o moneda extranjera<\/strong> en bancos como <strong data-start=\"2732\" data-end=\"2839\">ICBC, Banco Agr\u00edcola de China, Banco de China, Banco de Construcci\u00f3n de China y Banco de Comunicaciones<\/strong>. Una vez abierta la cuenta, podr\u00e1 acceder a servicios como <strong data-start=\"2899\" data-end=\"3017\">dep\u00f3sitos y retiros en RMB y otras divisas, cambio de moneda, transferencias nacionales e internacionales, y pagos<\/strong>. Para conocer los requisitos espec\u00edficos, consulte en la sucursal o visite el sitio web oficial del banco.<\/p>\n<\/li>\n<\/ol>\n","protected":false},"excerpt":{"rendered":"<p>Informaci\u00f3n sobre el cambio de divisas En Lhasa, hay muchas sucursales del Bank of China, Banco Postal de Ahorros de China, Banco Agr\u00edcola de China y Banco de Construcci\u00f3n de China. La mayor\u00eda cuenta con cajeros autom\u00e1ticos (ATM). WeChat Pay y Alipay est\u00e1n ampliamente implementados en toda la regi\u00f3n, lo que facilita mucho los pagos. [&hellip;]<\/p>\n","protected":false},"author":1,"featured_media":0,"parent":6847,"menu_order":0,"comment_status":"closed","ping_status":"closed","template":"","meta":{"_acf_changed":false,"footnotes":""},"class_list":["post-6851","page","type-page","status-publish","hentry"],"acf":[],"_links":{"self":[{"href":"https:\/\/www.enigmatictibettravel.com\/es\/wp-json\/wp\/v2\/pages\/6851","targetHints":{"allow":["GET"]}}],"collection":[{"href":"https:\/\/www.enigmatictibettravel.com\/es\/wp-json\/wp\/v2\/pages"}],"about":[{"href":"https:\/\/www.enigmatictibettravel.com\/es\/wp-json\/wp\/v2\/types\/page"}],"author":[{"embeddable":true,"href":"https:\/\/www.enigmatictibettravel.com\/es\/wp-json\/wp\/v2\/users\/1"}],"replies":[{"embeddable":true,"href":"https:\/\/www.enigmatictibettravel.com\/es\/wp-json\/wp\/v2\/comments?post=6851"}],"version-history":[{"count":5,"href":"https:\/\/www.enigmatictibettravel.com\/es\/wp-json\/wp\/v2\/pages\/6851\/revisions"}],"predecessor-version":[{"id":8417,"href":"https:\/\/www.enigmatictibettravel.com\/es\/wp-json\/wp\/v2\/pages\/6851\/revisions\/8417"}],"up":[{"embeddable":true,"href":"https:\/\/www.enigmatictibettravel.com\/es\/wp-json\/wp\/v2\/pages\/6847"}],"wp:attachment":[{"href":"https:\/\/www.enigmatictibettravel.com\/es\/wp-json\/wp\/v2\/media?parent=6851"}],"curies":[{"name":"wp","href":"https:\/\/api.w.org\/{rel}","templated":true}]}}