{"id":6849,"date":"2024-09-28T22:02:00","date_gmt":"2024-09-28T14:02:00","guid":{"rendered":"https:\/\/www.enigmatictibettravel.com\/travel-guide\/letter-of-entry-into-tibet"},"modified":"2025-05-29T17:38:47","modified_gmt":"2025-05-29T09:38:47","slug":"letter-of-entry-into-tibet","status":"publish","type":"page","link":"https:\/\/www.enigmatictibettravel.com\/es\/travel-guide\/letter-of-entry-into-tibet","title":{"rendered":"Gu\u00eda de viaje al T\u00edbet para extranjeros | Permiso de entrada al T\u00edbet | Solicitud de permiso de entrada al T\u00edbet"},"content":{"rendered":"\n<h2 class=\"wp-block-heading\"> \u00bfQu\u00e9 es el Permiso de Entrada al T\u00edbet?<\/h2>\n\n<p>El <strong>Permiso de Entrada al T\u00edbet<\/strong>, cuyo nombre oficial es <strong>Permiso de Viaje al T\u00edbet para Extranjeros<\/strong>, es un documento obligatorio para todos los viajeros que posean un <strong>pasaporte extranjero<\/strong> o un <strong>pasaporte de Taiw\u00e1n (China)<\/strong> y deseen ingresar a la Regi\u00f3n Aut\u00f3noma del T\u00edbet. El permiso consta de <strong>dos p\u00e1ginas en formato A4<\/strong>.<br\/><br\/>La <strong>primera p\u00e1gina<\/strong> especifica las <strong>fechas de entrada y salida del T\u00edbet<\/strong>, los <strong>lugares tur\u00edsticos a visitar<\/strong> y el <strong>nombre de la agencia de viajes receptora<\/strong>.<br\/>La <strong>segunda p\u00e1gina<\/strong> incluye los <strong>nombres, fechas de nacimiento y n\u00fameros de pasaporte<\/strong> de todos los viajeros, acompa\u00f1ados de los <strong>sellos oficiales aprobados por los departamentos gubernamentales correspondientes<\/strong> y <strong>marcas de seguridad antifalsificaci\u00f3n<\/strong>.<br\/><br\/>Obtener el <strong>Permiso de Entrada al T\u00edbet para Extranjeros<\/strong> no es un proceso complicado. Solo es necesario <strong>solicitarlo al menos 30 d\u00edas antes del viaje<\/strong> a trav\u00e9s de nuestra agencia, <strong>Tibet Xingyu International Travel Service Co., Ltd.<\/strong> Ofrecemos <strong>rutas especialmente dise\u00f1adas para viajeros internacionales<\/strong>, con <strong>precios accesibles y atenci\u00f3n profesional<\/strong>. Lo m\u00e1s importante es que tenemos <strong>amplia experiencia y alta fiabilidad en la gesti\u00f3n de este permiso<\/strong>.<br\/><br\/>Seg\u00fan las normativas del <strong>Departamento de Cultura y Turismo del T\u00edbet<\/strong>, <strong>los extranjeros no pueden viajar de forma independiente dentro del T\u00edbet<\/strong>. Independientemente del n\u00famero de personas, todos los visitantes deben realizar un <strong>viaje en grupo organizado y planificado<\/strong>, con <strong>veh\u00edculo y gu\u00eda tur\u00edstico proporcionados por una agencia autorizada<\/strong>. Por tanto, <strong>la \u00fanica forma legal para que los extranjeros visiten el T\u00edbet es uni\u00e9ndose a un tour privado organizado por una agencia de viajes local acreditada<\/strong>.<br\/><br\/>Adem\u00e1s, existen <strong>restricciones sobre las formas en que los extranjeros pueden entrar y salir del T\u00edbet<\/strong>. Actualmente, solo se permite el <strong>acceso en avi\u00f3n o tren<\/strong>. Est\u00e1 <strong>prohibido viajar al T\u00edbet en coche particular, en bicicleta, en moto o a pie<\/strong>.<br\/><ol>&#13;\n \t<li><strong>\u00bfQui\u00e9n necesita este permiso?<\/strong> Extranjeros, viajeros con pasaporte de Taiw\u00e1n (China) y chinos con ciudadan\u00eda extranjera<\/li>&#13;\n \t<li><strong>\u00bfCu\u00e1ndo se necesita?<\/strong> Al <strong>abordar un vuelo o tren hacia el T\u00edbet<\/strong>. Para los vuelos es obligatorio presentar el <strong>documento original<\/strong>, mientras que para los trenes <strong>basta con una copia impresa<\/strong><\/li>&#13;\n \t<li><strong>Tiempo de tramitaci\u00f3n:<\/strong> normalmente entre <strong>15 y 30 d\u00edas<\/strong>. Por ello, se recomienda <strong>presentar la documentaci\u00f3n al menos 30 d\u00edas antes del viaje<\/strong>. En <strong>temporada alta<\/strong> o si el itinerario incluye <strong>zonas restringidas<\/strong> (como el Monte Everest o el Monte Kailash), se debe prever un m\u00ednimo de <strong>40 d\u00edas<\/strong><\/li>&#13;\n \t<li><strong>No se puede solicitar de forma individual<\/strong>. La autorizaci\u00f3n debe <strong>tramitarse a trav\u00e9s de nuestra agencia<\/strong><\/li>&#13;\n \t<li><strong>Fechas de viaje:<\/strong> El permiso puede <strong>incluir un periodo m\u00e1s largo que la estancia real prevista<\/strong>, lo cual permite <strong>cierta flexibilidad en caso de cambios de planes<\/strong>, como extender la estancia unos d\u00edas m\u00e1s<\/li>&#13;\n \t<li><strong>Itinerario:<\/strong> Es obligatorio <strong>confirmar previamente todas las paradas del viaje<\/strong>, ya que <strong>solo se puede visitar lo que est\u00e9 indicado en el permiso<\/strong><\/li>&#13;\n \t<li><strong>Documentaci\u00f3n:<\/strong> Todos los documentos deben estar <strong>en vigor durante todo el proceso y el viaje<\/strong><\/li>&#13;\n \t<li><strong>Documentos necesarios seg\u00fan el tipo de visado:<\/strong>&#13;\nVisado de turismo (tipo L): <strong>pasaporte + visado<\/strong>&#13;\nVisado de visita familiar (tipo Q): <strong>pasaporte + visado + carta de invitaci\u00f3n<\/strong>&#13;\nVisado de trabajo (tipo Z): <strong>pasaporte + visado + certificado laboral<\/strong>&#13;\nVisado de estudiante (tipo X): <strong>pasaporte + visado + certificado de estudios<\/strong><\/li>&#13;\n \t<li>Si el viajero procede de un <strong>pa\u00eds con acuerdo de exenci\u00f3n de visado con China<\/strong> y la estancia se realiza <strong>dentro del periodo autorizado sin visado<\/strong>, <strong>no ser\u00e1 necesario presentar visado<\/strong><\/li>&#13;\n<\/ol><br\/>\u00a0<\/p>\n\n<figure class=\"wp-block-gallery has-nested-images columns-default is-cropped wp-block-gallery-1 is-layout-flex wp-block-gallery-is-layout-flex\">\n<figure class=\"wp-block-image size-large\"><img decoding=\"async\" data-id=\"1172\" src=\"https:\/\/www.enigmatictibettravel.com\/wp-content\/uploads\/2025\/04\/&#x8FDB;&#x85CF;&#x8BB8;&#x53EF;&#x8BC1;&#xFF08;&#x4FEE;&#x6539;2&#xFF09;-1024x745.jpg\" alt=\"\" class=\"wp-image-1172\"\/><\/figure>\n<\/figure>\n<div class=\"wp-block-image\">\n<figure class=\"aligncenter size-large is-resized\"><img decoding=\"async\" src=\"https:\/\/www.enigmatictibettravel.com\/wp-content\/uploads\/2025\/04\/&#x8FDB;&#x85CF;&#x8BB8;&#x53EF;&#x8BC1;&#x6E38;&#x5BA2;&#x540D;&#x5355;&#xFF08;&#x5DF2;&#x4FEE;&#x6539;&#xFF09;-1024x704.jpg\" alt=\"\" class=\"wp-image-1174\" style=\"width:1400px;height:auto\"\/><\/figure>\n<\/div><div class=\"wp-block-image\">\n<figure class=\"aligncenter size-large\"><img decoding=\"async\" src=\"https:\/\/www.enigmatictibettravel.com\/wp-content\/uploads\/2025\/04\/&#x63A2;&#x4EB2;&#x7B7E;&#x8BC1;&#x660E;&#xFF08;&#x4FEE;&#x6539;2&#xFF09;-897x1024.jpg\" alt=\"\" class=\"wp-image-1175\"\/><\/figure>\n<\/div><div class=\"wp-block-image\">\n<figure class=\"aligncenter size-large\"><img decoding=\"async\" src=\"https:\/\/www.enigmatictibettravel.com\/wp-content\/uploads\/2025\/04\/&#x53F0;&#x6E7E;&#x540C;&#x80DE;&#x8FDB;&#x85CF;&#x786E;&#x8BA4;&#x51FD;&#xFF08;&#x4FEE;&#x6539;2&#xFF09;-727x1024.jpg\" alt=\"\" class=\"wp-image-1176\"\/><\/figure>\n<\/div><div class=\"wp-block-image\">\n<figure class=\"aligncenter size-large\"><img decoding=\"async\" src=\"https:\/\/www.enigmatictibettravel.com\/wp-content\/uploads\/2025\/04\/&#x53F0;&#x6E7E;&#x540C;&#x80DE;&#x786E;&#x8BA4;&#x51FD;&#x540D;&#x5355;&#xFF08;&#x4FEE;&#x6539;&#xFF09;-1024x609.jpg\" alt=\"\" class=\"wp-image-1177\"\/><\/figure>\n<\/div>","protected":false},"excerpt":{"rendered":"<p>\u00bfQu\u00e9 es el Permiso de Entrada al T\u00edbet? El Permiso de Entrada al T\u00edbet, cuyo nombre oficial es Permiso de Viaje al T\u00edbet para Extranjeros, es un documento obligatorio para todos los viajeros que posean un pasaporte extranjero o un pasaporte de Taiw\u00e1n (China) y deseen ingresar a la Regi\u00f3n Aut\u00f3noma del T\u00edbet. El permiso [&hellip;]<\/p>\n","protected":false},"author":1,"featured_media":0,"parent":6847,"menu_order":0,"comment_status":"closed","ping_status":"closed","template":"","meta":{"_acf_changed":false,"footnotes":""},"class_list":["post-6849","page","type-page","status-publish","hentry"],"acf":[],"_links":{"self":[{"href":"https:\/\/www.enigmatictibettravel.com\/es\/wp-json\/wp\/v2\/pages\/6849","targetHints":{"allow":["GET"]}}],"collection":[{"href":"https:\/\/www.enigmatictibettravel.com\/es\/wp-json\/wp\/v2\/pages"}],"about":[{"href":"https:\/\/www.enigmatictibettravel.com\/es\/wp-json\/wp\/v2\/types\/page"}],"author":[{"embeddable":true,"href":"https:\/\/www.enigmatictibettravel.com\/es\/wp-json\/wp\/v2\/users\/1"}],"replies":[{"embeddable":true,"href":"https:\/\/www.enigmatictibettravel.com\/es\/wp-json\/wp\/v2\/comments?post=6849"}],"version-history":[{"count":6,"href":"https:\/\/www.enigmatictibettravel.com\/es\/wp-json\/wp\/v2\/pages\/6849\/revisions"}],"predecessor-version":[{"id":8453,"href":"https:\/\/www.enigmatictibettravel.com\/es\/wp-json\/wp\/v2\/pages\/6849\/revisions\/8453"}],"up":[{"embeddable":true,"href":"https:\/\/www.enigmatictibettravel.com\/es\/wp-json\/wp\/v2\/pages\/6847"}],"wp:attachment":[{"href":"https:\/\/www.enigmatictibettravel.com\/es\/wp-json\/wp\/v2\/media?parent=6849"}],"curies":[{"name":"wp","href":"https:\/\/api.w.org\/{rel}","templated":true}]}}