{"id":6847,"date":"2024-09-15T02:45:55","date_gmt":"2024-09-14T18:45:55","guid":{"rendered":"https:\/\/www.enigmatictibettravel.com\/travel-guide"},"modified":"2025-05-16T17:35:07","modified_gmt":"2025-05-16T09:35:07","slug":"travel-guide","status":"publish","type":"page","link":"https:\/\/www.enigmatictibettravel.com\/es\/travel-guide","title":{"rendered":"Gu\u00eda pr\u00e1ctica"},"content":{"rendered":"<p>Es muy com\u00fan sentirse confundido o abrumado en su primer viaje al T\u00edbet. Por eso, le recomendamos consultar informaci\u00f3n b\u00e1sica antes de su vuelo y revisar nuestra \u201cGu\u00eda Pr\u00e1ctica de Viaje\u201d para comprender mejor el destino.<br \/>\nPreste atenci\u00f3n a las costumbres locales, los detalles sobre el Permiso de Entrada al T\u00edbet, el cambio de divisas, los m\u00e9todos de pago y la informaci\u00f3n geogr\u00e1fica.<br \/>\nMuchas de las dudas comunes de los viajeros primerizos est\u00e1n resueltas en esta gu\u00eda.<br \/>\nAdem\u00e1s, los consejos internos y pr\u00e1cticos le permitir\u00e1n recorrer el T\u00edbet con mayor confianza.<\/p>\n","protected":false},"excerpt":{"rendered":"<p>Es muy com\u00fan sentirse confundido o abrumado en su primer viaje al T\u00edbet. Por eso, le recomendamos consultar informaci\u00f3n b\u00e1sica antes de su vuelo y revisar nuestra \u201cGu\u00eda Pr\u00e1ctica de Viaje\u201d para comprender mejor el destino. Preste atenci\u00f3n a las costumbres locales, los detalles sobre el Permiso de Entrada al T\u00edbet, el cambio de divisas, [&hellip;]<\/p>\n","protected":false},"author":1,"featured_media":0,"parent":0,"menu_order":0,"comment_status":"closed","ping_status":"closed","template":"page-templates\/page-travel-guide.php","meta":{"_acf_changed":false,"footnotes":""},"class_list":["post-6847","page","type-page","status-publish","hentry"],"acf":[],"_links":{"self":[{"href":"https:\/\/www.enigmatictibettravel.com\/es\/wp-json\/wp\/v2\/pages\/6847","targetHints":{"allow":["GET"]}}],"collection":[{"href":"https:\/\/www.enigmatictibettravel.com\/es\/wp-json\/wp\/v2\/pages"}],"about":[{"href":"https:\/\/www.enigmatictibettravel.com\/es\/wp-json\/wp\/v2\/types\/page"}],"author":[{"embeddable":true,"href":"https:\/\/www.enigmatictibettravel.com\/es\/wp-json\/wp\/v2\/users\/1"}],"replies":[{"embeddable":true,"href":"https:\/\/www.enigmatictibettravel.com\/es\/wp-json\/wp\/v2\/comments?post=6847"}],"version-history":[{"count":1,"href":"https:\/\/www.enigmatictibettravel.com\/es\/wp-json\/wp\/v2\/pages\/6847\/revisions"}],"predecessor-version":[{"id":8043,"href":"https:\/\/www.enigmatictibettravel.com\/es\/wp-json\/wp\/v2\/pages\/6847\/revisions\/8043"}],"wp:attachment":[{"href":"https:\/\/www.enigmatictibettravel.com\/es\/wp-json\/wp\/v2\/media?parent=6847"}],"curies":[{"name":"wp","href":"https:\/\/api.w.org\/{rel}","templated":true}]}}