{"id":8095,"date":"2024-09-14T16:58:25","date_gmt":"2024-09-14T08:58:25","guid":{"rendered":"https:\/\/www.enigmatictibettravel.com\/?page_id=8095"},"modified":"2025-06-05T17:31:36","modified_gmt":"2025-06-05T09:31:36","slug":"privacy-policy","status":"publish","type":"page","link":"https:\/\/www.enigmatictibettravel.com\/de\/privacy-policy","title":{"rendered":"Datenschutzrichtlinie"},"content":{"rendered":"<p>Willkommen auf unserer Website https:\/\/www.enigmatictibettravel.com (nachfolgend \u201ewir\u201c oder \u201ediese Website\u201c genannt). In dieser Datenschutzrichtlinie wird erl\u00e4utert, wie wir Ihre personenbezogenen Daten erfassen, verwenden, weitergeben und sch\u00fctzen.<\/p>\n<h2>1. Von uns erfasste Informationen<\/h2>\n<p>Wenn Sie diese Website besuchen oder nutzen, erfassen wir m\u00f6glicherweise die folgenden Informationen:<br \/>\nPers\u00f6nliche Identifikationsdaten (wie Name, E-Mail-Adresse, Telefonnummer, Staatsangeh\u00f6rigkeit, Passdaten)<br \/>\nBuchungs- und Reiseinformationen (wie Reisepr\u00e4ferenzen, Reiseroute, Unterkunftsanforderungen)<br \/>\nZahlungsinformationen (verarbeitet \u00fcber Zahlungsplattformen von Drittanbietern wie Stripe oder PayPal, wir speichern keine Bankkarteninformationen direkt)<br \/>\nGer\u00e4teinformationen (wie IP-Adresse, Browsertyp, Betriebssystem, Zugriffsquelle)<br \/>\nCookies und Nutzungsdaten (f\u00fcr Website-Analyse und Leistungsoptimierung)<\/p>\n<h2>2. Wie wir Ihre Daten verwenden<\/h2>\n<p>Wir k\u00f6nnen die von uns gesammelten Informationen f\u00fcr die folgenden Zwecke verwenden:<br \/>\nBearbeitung Ihrer Bestellung und Kommunikation mit Ihnen<br \/>\nOrganisation von Reisedienstleistungen (z. B. Abwicklung notwendiger Verfahren wie der Einreisegenehmigung f\u00fcr Tibet)<br \/>\nOptimierung des Benutzererlebnisses und Verbesserung des Website-Inhalts<br \/>\nSenden von Reiseroutenerinnerungen, Reisevorschl\u00e4gen oder Werbeinformationen (Sie k\u00f6nnen sich jederzeit abmelden)<br \/>\nEinhaltung geltender Gesetze und Vorschriften<\/p>\n<h2>3. Informationsaustausch<\/h2>\n<p>Wir k\u00f6nnen Ihre Informationen unter folgenden Umst\u00e4nden weitergeben:<br \/>\nUm lokalen Anbietern oder Reiseleitern, die touristische Dienstleistungen anbieten, die erforderlichen Informationen zur Verf\u00fcgung zu stellen, damit diese die Dienstleistungen erbringen k\u00f6nnen.<br \/>\nUm Regierungsbeh\u00f6rden die erforderlichen Materialien gem\u00e4\u00df den geltenden Gesetzen und Vorschriften zur Verf\u00fcgung zu stellen (z. B. Beantragung von Reisegenehmigungen).<br \/>\nUm Zahlungsdienstleistern (z. B. Stripe, PayPal) die f\u00fcr die Zahlung erforderlichen Informationen zur Verf\u00fcgung zu stellen.<br \/>\nWir werden Ihre Informationen nicht an Dritte verkaufen oder vermieten.<\/p>\n<h2>4. Speicherung und Aufbewahrung von Informationen<\/h2>\n<p>Wir bewahren Ihre personenbezogenen Daten nur f\u00fcr den Zeitraum auf, der f\u00fcr die Bereitstellung der Dienste f\u00fcr Sie erforderlich ist, und l\u00f6schen sie nach einer angemessenen, gesetzlich vorgeschriebenen Frist sicher. Wenn Sie m\u00f6chten, dass wir Ihre Daten l\u00f6schen, k\u00f6nnen Sie uns jederzeit kontaktieren.<\/p>\n<h2>5. Ihre Rechte<\/h2>\n<p>Sie haben das Recht:<br \/>\nauf Ihre personenbezogenen Daten zuzugreifen, diese zu korrigieren oder zu l\u00f6schen<br \/>\nsich von Marketing-E-Mails abzumelden<br \/>\nsich jederzeit mit uns in Verbindung zu setzen, um eine datenschutzbezogene Anfrage zu stellen<br \/>\nkontaktieren Sie uns bitte unter: +44 7785 905065<\/p>\n<h2>6. Informationssicherheit<\/h2>\n<p>Wir ergreifen angemessene Sicherheitsma\u00dfnahmen, um Ihre Daten zu sch\u00fctzen. Bitte beachten Sie jedoch, dass jede Internet\u00fcbertragung Risiken birgt. Wenn Sie bei Ihrem Konto Auff\u00e4lligkeiten feststellen, kontaktieren Sie uns bitte umgehend.<\/p>\n<h2>7. Hinweise zur Verwendung von Cookies<\/h2>\n<p>Wir verwenden Cookies, um Ihr Browser-Erlebnis zu verbessern und den Website-Verkehr zu analysieren. Durch weitere Nutzung dieser Website stimmen Sie unserer Cookie-Richtlinie zu. Sie k\u00f6nnen die Cookie-Einstellungen auch in Ihrem Browser anpassen.<\/p>\n<h2>8. Richtlinien\u00e4nderungen<\/h2>\n<p>Diese Datenschutzrichtlinie kann aufgrund von Serviceaktualisierungen oder gesetzlichen \u00c4nderungen angepasst werden. Bei \u00c4nderungen aktualisieren wir diese Seite und geben das sp\u00e4teste Datum des Inkrafttretens an.<\/p>\n<h2>9. Kontaktieren Sie uns<\/h2>\n<p>Wenn Sie Fragen oder W\u00fcnsche zu dieser Richtlinie haben, kontaktieren Sie uns bitte unter:<br \/>\nE-Mail: EnigmaticTibetTravel@gmail.com<br \/>\nTel.: +44 7785 905065<br \/>\nOffizielle Website: https:\/\/www.enigmatictibettravel.com<\/p>\n","protected":false},"excerpt":{"rendered":"<p>Willkommen auf unserer Website https:\/\/www.enigmatictibettravel.com (nachfolgend \u201ewir\u201c oder \u201ediese Website\u201c genannt). In dieser Datenschutzrichtlinie wird erl\u00e4utert, wie wir Ihre personenbezogenen Daten erfassen, verwenden, weitergeben und sch\u00fctzen. 1. Von uns erfasste Informationen Wenn Sie diese Website besuchen oder nutzen, erfassen wir m\u00f6glicherweise die folgenden Informationen: Pers\u00f6nliche Identifikationsdaten (wie Name, E-Mail-Adresse, Telefonnummer, Staatsangeh\u00f6rigkeit, Passdaten) Buchungs- und Reiseinformationen [&hellip;]<\/p>\n","protected":false},"author":1,"featured_media":0,"parent":0,"menu_order":0,"comment_status":"closed","ping_status":"closed","template":"page-templates\/page-policy.php","meta":{"_acf_changed":false,"footnotes":""},"class_list":["post-8095","page","type-page","status-publish","hentry"],"acf":[],"_links":{"self":[{"href":"https:\/\/www.enigmatictibettravel.com\/de\/wp-json\/wp\/v2\/pages\/8095","targetHints":{"allow":["GET"]}}],"collection":[{"href":"https:\/\/www.enigmatictibettravel.com\/de\/wp-json\/wp\/v2\/pages"}],"about":[{"href":"https:\/\/www.enigmatictibettravel.com\/de\/wp-json\/wp\/v2\/types\/page"}],"author":[{"embeddable":true,"href":"https:\/\/www.enigmatictibettravel.com\/de\/wp-json\/wp\/v2\/users\/1"}],"replies":[{"embeddable":true,"href":"https:\/\/www.enigmatictibettravel.com\/de\/wp-json\/wp\/v2\/comments?post=8095"}],"version-history":[{"count":2,"href":"https:\/\/www.enigmatictibettravel.com\/de\/wp-json\/wp\/v2\/pages\/8095\/revisions"}],"predecessor-version":[{"id":8705,"href":"https:\/\/www.enigmatictibettravel.com\/de\/wp-json\/wp\/v2\/pages\/8095\/revisions\/8705"}],"wp:attachment":[{"href":"https:\/\/www.enigmatictibettravel.com\/de\/wp-json\/wp\/v2\/media?parent=8095"}],"curies":[{"name":"wp","href":"https:\/\/api.w.org\/{rel}","templated":true}]}}