{"id":6792,"date":"2024-09-28T22:04:11","date_gmt":"2024-09-28T14:04:11","guid":{"rendered":"https:\/\/www.enigmatictibettravel.com\/travel-guide\/tibet-culture"},"modified":"2025-05-29T18:05:04","modified_gmt":"2025-05-29T10:05:04","slug":"tibet-culture","status":"publish","type":"page","link":"https:\/\/www.enigmatictibettravel.com\/de\/travel-guide\/tibet-culture","title":{"rendered":"Tibetische Br\u00e4uche und Kultur"},"content":{"rendered":"<ol>\n<li>In B\u00e4umen, auf Bergen oder Hausd\u00e4chern h\u00e4ngen oft bunte <strong>Gebetsfahnen (Lungta)<\/strong>. Auf ihnen ist das <strong>sechssilbige Mantra \u201eOm Mani Padme Hum\u201c<\/strong> aufgedruckt. Tibeter glauben, dass jede Bewegung der Fahnen im Wind einem gesprochenen Gebet entspricht. <strong>Bitte ber\u00fchren oder ziehen Sie die Fahnen nicht an<\/strong>, wenn Sie ihnen unterwegs begegnen.<\/li>\n<li>Wenn Sie auf dem Land <strong>Rinder oder Schafe mit roten, gelben oder gr\u00fcnen Stoffb\u00e4ndern<\/strong> sehen, <strong>vertreiben Sie diese Tiere keinesfalls<\/strong>. Solche B\u00e4nder bedeuten, dass die Tiere <strong>symbolisch den G\u00f6ttern geopfert und freigelassen wurden<\/strong>.<\/li>\n<li>Beim Besuch eines <strong>Tempels oder einer Stupa<\/strong> gelten besondere Regeln. <strong>Vermeiden Sie den Verzehr von Knoblauch<\/strong>, bevor Sie einen Tempel betreten \u2013 dies gilt im tibetischen Buddhismus als <strong>besonders unrein<\/strong>.<\/li>\n<li>Beim Betreten eines Tempels sollten Sie <strong>Kopfbedeckung und Sonnenbrille abnehmen<\/strong>. Frauen wird geraten, <strong>keine freiz\u00fcgige Kleidung<\/strong> wie <strong>kurze R\u00f6cke oder Shorts<\/strong> zu tragen.<\/li>\n<li>W\u00e4hrend des Besuchs ist es <strong>nicht erlaubt zu rauchen, Buddha-Statuen zu ber\u00fchren oder in Gebetsb\u00fcchern zu bl\u00e4ttern<\/strong>. <strong>Ber\u00fchren Sie auch keine Amulette oder Gebetsketten<\/strong>, die M\u00f6nche tragen. <strong>Sprechen Sie leise<\/strong> und <strong>vermeiden Sie L\u00e4rm oder laute Gespr\u00e4che<\/strong>.<\/li>\n<li><strong>Fotografieren oder Filmen im Inneren von Tempelr\u00e4umen ist nur mit ausdr\u00fccklicher Erlaubnis gestattet.<\/strong><\/li>\n<li>Beim <strong>Ritualumgang heiliger St\u00e4tten<\/strong> ist <strong>ausschlie\u00dflich der Uhrzeigersinn (von links nach rechts)<\/strong> erlaubt. <strong>Gehen Sie niemals gegen den Uhrzeigersinn<\/strong> (au\u00dfer in B\u00f6n-Kl\u00f6stern, wo die Richtung entgegengesetzt ist). <strong>\u00dcberqueren Sie keine rituellen Gegenst\u00e4nde<\/strong> wie Opfergef\u00e4\u00dfe oder Feuerstellen.<\/li>\n<li>Wenn Sie <strong>Gebetsm\u00fchlen drehen<\/strong>, tun Sie dies <strong>nur im Uhrzeigersinn<\/strong>. <strong>Sitzen oder treten Sie nicht auf die T\u00fcrschwellen von Tempeln<\/strong> \u2013 das gilt als respektlos.<\/li>\n<li>Wenn Sie Hunden begegnen, <strong>scheuchen Sie sie nicht fort und werfen Sie nichts nach ihnen<\/strong>. Wenn Sie Pilgern beim Niederwerfen oder Umrunden heiliger Orte folgen, <strong>gehen Sie ebenfalls im Uhrzeigersinn<\/strong>. <strong>Fotografieren Sie keine Gl\u00e4ubigen<\/strong>, die sich gerade verbeugen oder niederwerfen.<\/li>\n<li><strong>Kaufen oder transportieren Sie keine Produkte aus Wildtieren<\/strong>, z.\u202fB. <strong>H\u00f6rner von Tibetantilopen oder Sch\u00e4del wilder Yaks<\/strong>. Solche Handlungen gelten als <strong>Unterst\u00fctzung illegaler Wilderei<\/strong> und k\u00f6nnen bei Entdeckung <strong>zu ernsthaften Konsequenzen f\u00fchren<\/strong>.<\/li>\n<li>Verwenden Sie <strong>niemals Papier mit tibetischer Schrift<\/strong>, um sich die H\u00e4nde zu trocknen oder f\u00fcr andere unpassende Zwecke \u2013 das wird <strong>als schwerwiegende Respektlosigkeit gegen\u00fcber dem Buddhismus<\/strong> angesehen.<\/li>\n<\/ol>\n","protected":false},"excerpt":{"rendered":"<p>In B\u00e4umen, auf Bergen oder Hausd\u00e4chern h\u00e4ngen oft bunte Gebetsfahnen (Lungta). Auf ihnen ist das sechssilbige Mantra \u201eOm Mani Padme Hum\u201c aufgedruckt. Tibeter glauben, dass jede Bewegung der Fahnen im Wind einem gesprochenen Gebet entspricht. Bitte ber\u00fchren oder ziehen Sie die Fahnen nicht an, wenn Sie ihnen unterwegs begegnen. Wenn Sie auf dem Land Rinder [&hellip;]<\/p>\n","protected":false},"author":1,"featured_media":0,"parent":6782,"menu_order":0,"comment_status":"closed","ping_status":"closed","template":"","meta":{"_acf_changed":false,"footnotes":""},"class_list":["post-6792","page","type-page","status-publish","hentry"],"acf":[],"_links":{"self":[{"href":"https:\/\/www.enigmatictibettravel.com\/de\/wp-json\/wp\/v2\/pages\/6792","targetHints":{"allow":["GET"]}}],"collection":[{"href":"https:\/\/www.enigmatictibettravel.com\/de\/wp-json\/wp\/v2\/pages"}],"about":[{"href":"https:\/\/www.enigmatictibettravel.com\/de\/wp-json\/wp\/v2\/types\/page"}],"author":[{"embeddable":true,"href":"https:\/\/www.enigmatictibettravel.com\/de\/wp-json\/wp\/v2\/users\/1"}],"replies":[{"embeddable":true,"href":"https:\/\/www.enigmatictibettravel.com\/de\/wp-json\/wp\/v2\/comments?post=6792"}],"version-history":[{"count":4,"href":"https:\/\/www.enigmatictibettravel.com\/de\/wp-json\/wp\/v2\/pages\/6792\/revisions"}],"predecessor-version":[{"id":8457,"href":"https:\/\/www.enigmatictibettravel.com\/de\/wp-json\/wp\/v2\/pages\/6792\/revisions\/8457"}],"up":[{"embeddable":true,"href":"https:\/\/www.enigmatictibettravel.com\/de\/wp-json\/wp\/v2\/pages\/6782"}],"wp:attachment":[{"href":"https:\/\/www.enigmatictibettravel.com\/de\/wp-json\/wp\/v2\/media?parent=6792"}],"curies":[{"name":"wp","href":"https:\/\/api.w.org\/{rel}","templated":true}]}}