{"id":6788,"date":"2024-09-28T22:05:23","date_gmt":"2024-09-28T14:05:23","guid":{"rendered":"https:\/\/www.enigmatictibettravel.com\/travel-guide\/exchange-payment"},"modified":"2025-05-29T16:45:09","modified_gmt":"2025-05-29T08:45:09","slug":"exchange-payment","status":"publish","type":"page","link":"https:\/\/www.enigmatictibettravel.com\/de\/travel-guide\/exchange-payment","title":{"rendered":"W\u00e4hrungsumtausch und Zahlungshinweise"},"content":{"rendered":"<h3 data-start=\"131\" data-end=\"172\"><strong>Informationen zum W\u00e4hrungsumtausch<\/strong><\/h3>\n<ol data-start=\"174\" data-end=\"1496\">\n<li data-start=\"174\" data-end=\"498\">\n<p data-start=\"177\" data-end=\"498\">In Lhasa gibt es zahlreiche Filialen der <strong data-start=\"218\" data-end=\"235\">Bank of China<\/strong>, der <strong data-start=\"241\" data-end=\"266\">Chinesischen Postbank<\/strong>, der <strong data-start=\"272\" data-end=\"302\">Agricultural Bank of China<\/strong> und der <strong data-start=\"311\" data-end=\"338\">China Construction Bank<\/strong>. Die meisten verf\u00fcgen \u00fcber <strong data-start=\"366\" data-end=\"389\">Geldautomaten (ATM)<\/strong>. <strong data-start=\"391\" data-end=\"405\">WeChat Pay<\/strong> und <strong data-start=\"410\" data-end=\"420\">Alipay<\/strong> sind in der gesamten Region weit verbreitet, was Zahlungen sehr bequem macht.<\/p>\n<\/li>\n<li data-start=\"500\" data-end=\"1041\">\n<p data-start=\"503\" data-end=\"1041\">Es wird empfohlen, <strong data-start=\"522\" data-end=\"558\">etwas Bargeld mit sich zu f\u00fchren<\/strong>, um auf alle Situationen vorbereitet zu sein<br data-start=\"603\" data-end=\"606\" \/><strong data-start=\"606\" data-end=\"628\">Wichtiger Hinweis:<\/strong> Bei Abhebungen am Geldautomaten fallen in der Regel <strong data-start=\"681\" data-end=\"705\">Transaktionsgeb\u00fchren<\/strong> an, deren H\u00f6he vom abgehobenen Betrag abh\u00e4ngt. Au\u00dferdem sind <strong data-start=\"767\" data-end=\"821\">nicht alle Geldautomaten rund um die Uhr verf\u00fcgbar<\/strong>, und es kommt h\u00e4ufig vor, dass <strong data-start=\"853\" data-end=\"933\">in stark frequentierten Stadtbereichen Automaten kein Bargeld mehr enthalten<\/strong>. Es ist daher ratsam, <strong data-start=\"956\" data-end=\"1004\">ausreichend Bargeld im Voraus bereitzuhalten<\/strong>, um Unannehmlichkeiten zu vermeiden.<\/p>\n<\/li>\n<li data-start=\"1043\" data-end=\"1211\">\n<p data-start=\"1046\" data-end=\"1211\">Die <strong data-start=\"1050\" data-end=\"1085\">f\u00fcnfte Serie des Renminbi (RMB)<\/strong> umfasst <strong data-start=\"1094\" data-end=\"1115\">acht St\u00fcckelungen<\/strong>: 100 Yuan, 50 Yuan, 20 Yuan, 10 Yuan, 5 Yuan, 1 Yuan, 0,5 Yuan (50 Jiao) und 0,1 Yuan (10 Jiao)<\/p>\n<\/li>\n<li data-start=\"1213\" data-end=\"1496\">\n<p data-start=\"1216\" data-end=\"1496\">Laut chinesischen Zollvorschriften m\u00fcssen <strong data-start=\"1258\" data-end=\"1357\">Personen ab 16 Jahren, die mehr als 5000 US-Dollar in bar mitf\u00fchren, dies beim Zoll deklarieren<\/strong>. N\u00e4here Informationen zu den genauen Verfahren erhalten Sie bei der <strong data-start=\"1426\" data-end=\"1495\">chinesischen Zollbeh\u00f6rde oder direkt am Flughafen bei der Ankunft<\/strong>.<\/p>\n<\/li>\n<\/ol>\n<h3 data-start=\"1503\" data-end=\"1543\"><strong>Informationen zu Zahlungsmethoden<\/strong><\/h3>\n<ol data-start=\"1545\" data-end=\"3206\">\n<li data-start=\"1545\" data-end=\"1951\">\n<p data-start=\"1548\" data-end=\"1951\"><strong data-start=\"1548\" data-end=\"1562\">Bankkarten<\/strong>: Wenn Sie eine Bankkarte mit dem Logo von <strong data-start=\"1605\" data-end=\"1617\">UnionPay<\/strong>, <strong data-start=\"1619\" data-end=\"1627\">Visa<\/strong> oder <strong data-start=\"1633\" data-end=\"1647\">Mastercard<\/strong> besitzen, k\u00f6nnen Sie diese bei H\u00e4ndlern verwenden, die das entsprechende Akzeptanzsymbol anzeigen. Wenn kein Symbol sichtbar ist, fragen Sie bitte das Kassenpersonal, ob Ihre Karte akzeptiert wird. <strong data-start=\"1846\" data-end=\"1865\">UnionPay-Karten<\/strong> werden in <strong data-start=\"1876\" data-end=\"1950\">den meisten Gesch\u00e4ften in Festlandchina mit Kartenterminals akzeptiert<\/strong>.<\/p>\n<\/li>\n<li data-start=\"1953\" data-end=\"2095\">\n<p data-start=\"1956\" data-end=\"2095\"><strong data-start=\"1956\" data-end=\"1976\">Mobile Zahlungen<\/strong><br data-start=\"1976\" data-end=\"1979\" \/><strong data-start=\"1979\" data-end=\"2027\">Alipay (internationale Version erforderlich)<\/strong><br data-start=\"2027\" data-end=\"2030\" \/><strong data-start=\"2030\" data-end=\"2095\">WeChat Pay (f\u00fcr Touristen nach Konto-Verifizierung verf\u00fcgbar)<\/strong><\/p>\n<\/li>\n<li data-start=\"2097\" data-end=\"2586\">\n<p data-start=\"2100\" data-end=\"2586\"><strong data-start=\"2100\" data-end=\"2111\">Bargeld<\/strong>: Wenn Sie <strong data-start=\"2122\" data-end=\"2151\">Bargeld in Renminbi (RMB)<\/strong> ben\u00f6tigen, k\u00f6nnen Sie es mit Ihrer Bankkarte an Geldautomaten mit dem Logo Ihres Kartenanbieters (z.\u202fB. Visa, Mastercard, UnionPay) abheben. Alternativ k\u00f6nnen Sie <strong data-start=\"2315\" data-end=\"2358\">Fremdw\u00e4hrungen direkt in RMB umtauschen<\/strong> \u2013 dies ist in <strong data-start=\"2373\" data-end=\"2478\">Bankfilialen mit Devisenservice, autorisierten Wechselstuben oder an Selbstbedienungswechselautomaten<\/strong> m\u00f6glich. F\u00fcr Informationen zu den akzeptierten W\u00e4hrungen wenden Sie sich bitte <strong data-start=\"2558\" data-end=\"2585\">an das Personal vor Ort<\/strong>.<\/p>\n<\/li>\n<li data-start=\"2588\" data-end=\"3206\">\n<p data-start=\"2591\" data-end=\"3206\"><strong data-start=\"2591\" data-end=\"2604\">Bankkonto<\/strong>: Mit einem <strong data-start=\"2616\" data-end=\"2667\">g\u00fcltigen Reisepass oder anderem Ausweisdokument<\/strong> k\u00f6nnen Sie ein <strong data-start=\"2683\" data-end=\"2715\">RMB- oder Fremdw\u00e4hrungskonto<\/strong> bei nahegelegenen Filialen gro\u00dfer Banken wie <strong data-start=\"2761\" data-end=\"2864\">ICBC, Agricultural Bank of China, Bank of China, China Construction Bank und Bank of Communications<\/strong> er\u00f6ffnen. Nach der Kontoer\u00f6ffnung k\u00f6nnen Sie Dienstleistungen wie <strong data-start=\"2931\" data-end=\"3063\">Ein- und Auszahlungen in RMB und Fremdw\u00e4hrungen, Devisentausch, Inlands\u00fcberweisungen, internationale \u00dcberweisungen und Zahlungen<\/strong> nutzen. F\u00fcr genaue Informationen wenden Sie sich bitte <strong data-start=\"3119\" data-end=\"3205\">an das Filialpersonal oder besuchen Sie die offizielle Website der jeweiligen Bank<\/strong>.<\/p>\n<\/li>\n<\/ol>\n","protected":false},"excerpt":{"rendered":"<p>Informationen zum W\u00e4hrungsumtausch In Lhasa gibt es zahlreiche Filialen der Bank of China, der Chinesischen Postbank, der Agricultural Bank of China und der China Construction Bank. Die meisten verf\u00fcgen \u00fcber Geldautomaten (ATM). WeChat Pay und Alipay sind in der gesamten Region weit verbreitet, was Zahlungen sehr bequem macht. Es wird empfohlen, etwas Bargeld mit sich [&hellip;]<\/p>\n","protected":false},"author":1,"featured_media":0,"parent":6782,"menu_order":0,"comment_status":"closed","ping_status":"closed","template":"","meta":{"_acf_changed":false,"footnotes":""},"class_list":["post-6788","page","type-page","status-publish","hentry"],"acf":[],"_links":{"self":[{"href":"https:\/\/www.enigmatictibettravel.com\/de\/wp-json\/wp\/v2\/pages\/6788","targetHints":{"allow":["GET"]}}],"collection":[{"href":"https:\/\/www.enigmatictibettravel.com\/de\/wp-json\/wp\/v2\/pages"}],"about":[{"href":"https:\/\/www.enigmatictibettravel.com\/de\/wp-json\/wp\/v2\/types\/page"}],"author":[{"embeddable":true,"href":"https:\/\/www.enigmatictibettravel.com\/de\/wp-json\/wp\/v2\/users\/1"}],"replies":[{"embeddable":true,"href":"https:\/\/www.enigmatictibettravel.com\/de\/wp-json\/wp\/v2\/comments?post=6788"}],"version-history":[{"count":3,"href":"https:\/\/www.enigmatictibettravel.com\/de\/wp-json\/wp\/v2\/pages\/6788\/revisions"}],"predecessor-version":[{"id":8412,"href":"https:\/\/www.enigmatictibettravel.com\/de\/wp-json\/wp\/v2\/pages\/6788\/revisions\/8412"}],"up":[{"embeddable":true,"href":"https:\/\/www.enigmatictibettravel.com\/de\/wp-json\/wp\/v2\/pages\/6782"}],"wp:attachment":[{"href":"https:\/\/www.enigmatictibettravel.com\/de\/wp-json\/wp\/v2\/media?parent=6788"}],"curies":[{"name":"wp","href":"https:\/\/api.w.org\/{rel}","templated":true}]}}