{"id":6783,"date":"2024-09-28T22:02:00","date_gmt":"2024-09-28T14:02:00","guid":{"rendered":"https:\/\/www.enigmatictibettravel.com\/travel-guide\/letter-of-entry-into-tibet"},"modified":"2025-05-29T17:29:25","modified_gmt":"2025-05-29T09:29:25","slug":"letter-of-entry-into-tibet","status":"publish","type":"page","link":"https:\/\/www.enigmatictibettravel.com\/de\/travel-guide\/letter-of-entry-into-tibet","title":{"rendered":"Tibet-Reisef\u00fchrer f\u00fcr Ausl\u00e4nder"},"content":{"rendered":"\n<h2 class=\"wp-block-heading\"> Was ist die Tibet-Reisegenehmigung?<\/h2>\n\n<p>Die <strong>Tibet-Einreisegenehmigung<\/strong>, offiziell bekannt als <strong>Einreisegenehmigung f\u00fcr Ausl\u00e4nder nach Tibet<\/strong>, ist ein verpflichtendes Dokument f\u00fcr alle Reisenden mit einem <strong>ausl\u00e4ndischen Reisepass<\/strong> oder einem <strong>Reisepass aus Taiwan (China)<\/strong>, die in die Autonome Region Tibet der Volksrepublik China einreisen m\u00f6chten. Die Genehmigung besteht aus <strong>zwei A4-Seiten<\/strong>.<br\/><br\/>Auf der <strong>ersten Seite<\/strong> werden das <strong>Ein- und Ausreisedatum<\/strong>, die <strong>geplanten Reiseziele<\/strong> sowie der <strong>Name der empfangenden Reiseagentur<\/strong> vermerkt. Auf der <strong>zweiten Seite<\/strong> stehen die <strong>Namen, Geburtsdaten und Reisepassnummern<\/strong> aller Reisenden, versehen mit den <strong>amtlichen Genehmigungsstempeln der zust\u00e4ndigen Beh\u00f6rden<\/strong> sowie <strong>Sicherheitskennzeichen gegen F\u00e4lschung<\/strong>.<br\/><br\/>Der Antrag auf eine <strong>Tibet-Einreisegenehmigung f\u00fcr Ausl\u00e4nder<\/strong> ist nicht kompliziert. Es gen\u00fcgt, den Antrag <strong>mindestens einen Monat im Voraus<\/strong> \u00fcber unser Unternehmen, <strong>Tibet Xingyu International Travel Service Co., Ltd.<\/strong>, zu stellen. Wir bieten <strong>ma\u00dfgeschneiderte Reiserouten speziell f\u00fcr internationale G\u00e4ste<\/strong>, <strong>faire Preise<\/strong> und <strong>professionellen Service<\/strong>. Besonders hervorzuheben ist unsere langj\u00e4hrige Erfahrung in der <strong>zuverl\u00e4ssigen und schnellen Abwicklung der Einreisegenehmigung<\/strong>.<br\/><br\/>Laut den <strong>Vorgaben des Kultur- und Tourismusamts der Autonomen Region Tibet<\/strong> d\u00fcrfen <strong>ausl\u00e4ndische Staatsb\u00fcrger nicht individuell durch Tibet reisen<\/strong>. Unabh\u00e4ngig von der Gruppengr\u00f6\u00dfe m\u00fcssen Ausl\u00e4nder im Rahmen einer <strong>organisierten, geplanten Gruppenreise<\/strong> reisen. Diese muss \u00fcber eine Reiseagentur erfolgen, die <strong>Transportmittel und einen durchgehenden Reiseleiter<\/strong> zur Verf\u00fcgung stellt. Aus diesem Grund ist es <strong>nur \u00fcber eine offiziell organisierte Privatreise durch eine zugelassene Agentur m\u00f6glich, als Ausl\u00e4nder durch Tibet zu reisen<\/strong>.<br\/><br\/>Zudem ist die <strong>An- und Abreise nach Tibet f\u00fcr Ausl\u00e4nder streng geregelt<\/strong>. Derzeit d\u00fcrfen Ausl\u00e4nder <strong>ausschlie\u00dflich mit dem Flugzeug oder Zug<\/strong> ein- und ausreisen. <strong>Selbstfahrerreisen, Fahrradtouren, Motorradfahrten oder Wanderungen<\/strong> sind nicht erlaubt.<br\/><ol>&#13;\n \t<li>Wer ben\u00f6tigt die Genehmigung: <strong>ausl\u00e4ndische Staatsb\u00fcrger, Reisende aus Taiwan (China), Chinesen mit ausl\u00e4ndischer Staatsangeh\u00f6rigkeit<\/strong><\/li>&#13;\n \t<li>Wann wird die Genehmigung ben\u00f6tigt: <strong>beim Einsteigen in das Flugzeug oder den Zug nach Tibet<\/strong>. F\u00fcr <strong>Fl\u00fcge ist das Original<\/strong> der Genehmigung erforderlich, f\u00fcr <strong>Zugreisen reicht eine gedruckte Kopie<\/strong><\/li>&#13;\n \t<li>Bearbeitungszeit: in der Regel <strong>15 bis 30 Tage<\/strong>. Daher ist es notwendig, die Unterlagen <strong>mindestens 30 Tage vor Reisebeginn<\/strong> einzureichen. In der <strong>Hochsaison<\/strong> oder wenn die Reise <strong>nicht \u00f6ffentlich zug\u00e4ngliche Regionen<\/strong> (z.\u202fB. Mount Everest, Kailash) umfasst, sollten <strong>mindestens 40 Tage<\/strong> eingeplant werden<\/li>&#13;\n \t<li><strong>Privatpersonen k\u00f6nnen die Genehmigung nicht selbst beantragen<\/strong>, sie muss <strong>\u00fcber unsere Reiseagentur organisiert werden<\/strong><\/li>&#13;\n \t<li>Reisezeitraum: Die auf der Genehmigung angegebene Reisedauer kann <strong>l\u00e4nger als der tats\u00e4chliche Aufenthalt<\/strong> sein, um <strong>Flexibilit\u00e4t bei \u00c4nderungen<\/strong> zu erm\u00f6glichen (z.\u202fB. wenn man l\u00e4nger bleiben m\u00f6chte)<\/li>&#13;\n \t<li>Reiseverlauf: Die <strong>Reiseroute muss im Voraus festgelegt werden<\/strong>, da <strong>nur die im Dokument aufgef\u00fchrten Orte besucht werden d\u00fcrfen<\/strong>. F\u00fcr nicht eingetragene Ziele wird <strong>keine Einreise erlaubt<\/strong><\/li>&#13;\n \t<li>Erforderliche Unterlagen: <strong>Alle Dokumente m\u00fcssen g\u00fcltig sein<\/strong><\/li>&#13;\n \t<li>Dokumente je nach Visumtyp:&#13;\nTouristenvisum (Typ L): <strong>Reisepass + Visum<\/strong>&#13;\nFamilienbesuch (Typ Q): <strong>Reisepass + Visum + Einladungsschreiben<\/strong>&#13;\nArbeitsvisum (Typ Z): <strong>Reisepass + Visum + Arbeitsbescheinigung<\/strong>&#13;\nStudentenvisum (Typ X): <strong>Reisepass + Visum + Studienbescheinigung<\/strong><\/li>&#13;\n \t<li>F\u00fcr <strong>Staatsangeh\u00f6rige visumfreier L\u00e4nder<\/strong>, die sich <strong>innerhalb der erlaubten visumfreien Aufenthaltsdauer<\/strong> in China aufhalten, <strong>ist kein Visum erforderlich<\/strong><\/li>&#13;\n<\/ol><br\/>\u00a0<\/p>\n\n<figure class=\"wp-block-gallery has-nested-images columns-default is-cropped wp-block-gallery-1 is-layout-flex wp-block-gallery-is-layout-flex\">\n<figure class=\"wp-block-image size-large\"><img decoding=\"async\" data-id=\"1172\" src=\"https:\/\/www.enigmatictibettravel.com\/wp-content\/uploads\/2025\/04\/&#x8FDB;&#x85CF;&#x8BB8;&#x53EF;&#x8BC1;&#xFF08;&#x4FEE;&#x6539;2&#xFF09;-1024x745.jpg\" alt=\"\" class=\"wp-image-1172\"\/><\/figure>\n<\/figure>\n<div class=\"wp-block-image\">\n<figure class=\"aligncenter size-large is-resized\"><img decoding=\"async\" src=\"https:\/\/www.enigmatictibettravel.com\/wp-content\/uploads\/2025\/04\/&#x8FDB;&#x85CF;&#x8BB8;&#x53EF;&#x8BC1;&#x6E38;&#x5BA2;&#x540D;&#x5355;&#xFF08;&#x5DF2;&#x4FEE;&#x6539;&#xFF09;-1024x704.jpg\" alt=\"\" class=\"wp-image-1174\" style=\"width:1400px;height:auto\"\/><\/figure>\n<\/div><div class=\"wp-block-image\">\n<figure class=\"aligncenter size-large\"><img decoding=\"async\" src=\"https:\/\/www.enigmatictibettravel.com\/wp-content\/uploads\/2025\/04\/&#x63A2;&#x4EB2;&#x7B7E;&#x8BC1;&#x660E;&#xFF08;&#x4FEE;&#x6539;2&#xFF09;-897x1024.jpg\" alt=\"\" class=\"wp-image-1175\"\/><\/figure>\n<\/div><div class=\"wp-block-image\">\n<figure class=\"aligncenter size-large\"><img decoding=\"async\" src=\"https:\/\/www.enigmatictibettravel.com\/wp-content\/uploads\/2025\/04\/&#x53F0;&#x6E7E;&#x540C;&#x80DE;&#x8FDB;&#x85CF;&#x786E;&#x8BA4;&#x51FD;&#xFF08;&#x4FEE;&#x6539;2&#xFF09;-727x1024.jpg\" alt=\"\" class=\"wp-image-1176\"\/><\/figure>\n<\/div><div class=\"wp-block-image\">\n<figure class=\"aligncenter size-large\"><img decoding=\"async\" src=\"https:\/\/www.enigmatictibettravel.com\/wp-content\/uploads\/2025\/04\/&#x53F0;&#x6E7E;&#x540C;&#x80DE;&#x786E;&#x8BA4;&#x51FD;&#x540D;&#x5355;&#xFF08;&#x4FEE;&#x6539;&#xFF09;-1024x609.jpg\" alt=\"\" class=\"wp-image-1177\"\/><\/figure>\n<\/div>","protected":false},"excerpt":{"rendered":"<p>Was ist die Tibet-Reisegenehmigung? Die Tibet-Einreisegenehmigung, offiziell bekannt als Einreisegenehmigung f\u00fcr Ausl\u00e4nder nach Tibet, ist ein verpflichtendes Dokument f\u00fcr alle Reisenden mit einem ausl\u00e4ndischen Reisepass oder einem Reisepass aus Taiwan (China), die in die Autonome Region Tibet der Volksrepublik China einreisen m\u00f6chten. Die Genehmigung besteht aus zwei A4-Seiten. Auf der ersten Seite werden das Ein- [&hellip;]<\/p>\n","protected":false},"author":1,"featured_media":0,"parent":6782,"menu_order":0,"comment_status":"closed","ping_status":"closed","template":"","meta":{"_acf_changed":false,"footnotes":""},"class_list":["post-6783","page","type-page","status-publish","hentry"],"acf":[],"_links":{"self":[{"href":"https:\/\/www.enigmatictibettravel.com\/de\/wp-json\/wp\/v2\/pages\/6783","targetHints":{"allow":["GET"]}}],"collection":[{"href":"https:\/\/www.enigmatictibettravel.com\/de\/wp-json\/wp\/v2\/pages"}],"about":[{"href":"https:\/\/www.enigmatictibettravel.com\/de\/wp-json\/wp\/v2\/types\/page"}],"author":[{"embeddable":true,"href":"https:\/\/www.enigmatictibettravel.com\/de\/wp-json\/wp\/v2\/users\/1"}],"replies":[{"embeddable":true,"href":"https:\/\/www.enigmatictibettravel.com\/de\/wp-json\/wp\/v2\/comments?post=6783"}],"version-history":[{"count":6,"href":"https:\/\/www.enigmatictibettravel.com\/de\/wp-json\/wp\/v2\/pages\/6783\/revisions"}],"predecessor-version":[{"id":8443,"href":"https:\/\/www.enigmatictibettravel.com\/de\/wp-json\/wp\/v2\/pages\/6783\/revisions\/8443"}],"up":[{"embeddable":true,"href":"https:\/\/www.enigmatictibettravel.com\/de\/wp-json\/wp\/v2\/pages\/6782"}],"wp:attachment":[{"href":"https:\/\/www.enigmatictibettravel.com\/de\/wp-json\/wp\/v2\/media?parent=6783"}],"curies":[{"name":"wp","href":"https:\/\/api.w.org\/{rel}","templated":true}]}}