{"id":6782,"date":"2024-09-15T02:45:55","date_gmt":"2024-09-14T18:45:55","guid":{"rendered":"https:\/\/www.enigmatictibettravel.com\/travel-guide"},"modified":"2025-05-16T17:35:19","modified_gmt":"2025-05-16T09:35:19","slug":"travel-guide","status":"publish","type":"page","link":"https:\/\/www.enigmatictibettravel.com\/de\/travel-guide","title":{"rendered":"Praktischer Reisef\u00fchrer"},"content":{"rendered":"<p>Es ist ganz normal, sich bei der ersten Reise nach Tibet unsicher oder \u00fcberfordert zu f\u00fchlen. Informieren Sie sich daher bitte vor Ihrem Abflug \u00fcber grundlegende Informationen und lesen Sie unseren \u201ePraktischen Reiseleitfaden\u201c, um Tibet besser kennenzulernen.<br \/>\nAchten Sie besonders auf tibetische Br\u00e4uche, Hinweise zum Tibet-Reisegenehmigungsformular, Geldwechsel, Zahlungsmethoden und geographische Besonderheiten.<br \/>\nViele Fragen von Erstbesuchern werden in diesem Leitfaden beantwortet.<br \/>\nZus\u00e4tzliche Insidertipps und praktische Empfehlungen helfen Ihnen dabei, Tibet mit mehr Sicherheit zu erkunden.<\/p>\n","protected":false},"excerpt":{"rendered":"<p>Es ist ganz normal, sich bei der ersten Reise nach Tibet unsicher oder \u00fcberfordert zu f\u00fchlen. Informieren Sie sich daher bitte vor Ihrem Abflug \u00fcber grundlegende Informationen und lesen Sie unseren \u201ePraktischen Reiseleitfaden\u201c, um Tibet besser kennenzulernen. Achten Sie besonders auf tibetische Br\u00e4uche, Hinweise zum Tibet-Reisegenehmigungsformular, Geldwechsel, Zahlungsmethoden und geographische Besonderheiten. Viele Fragen von Erstbesuchern [&hellip;]<\/p>\n","protected":false},"author":1,"featured_media":0,"parent":0,"menu_order":0,"comment_status":"closed","ping_status":"closed","template":"page-templates\/page-travel-guide.php","meta":{"_acf_changed":false,"footnotes":""},"class_list":["post-6782","page","type-page","status-publish","hentry"],"acf":[],"_links":{"self":[{"href":"https:\/\/www.enigmatictibettravel.com\/de\/wp-json\/wp\/v2\/pages\/6782","targetHints":{"allow":["GET"]}}],"collection":[{"href":"https:\/\/www.enigmatictibettravel.com\/de\/wp-json\/wp\/v2\/pages"}],"about":[{"href":"https:\/\/www.enigmatictibettravel.com\/de\/wp-json\/wp\/v2\/types\/page"}],"author":[{"embeddable":true,"href":"https:\/\/www.enigmatictibettravel.com\/de\/wp-json\/wp\/v2\/users\/1"}],"replies":[{"embeddable":true,"href":"https:\/\/www.enigmatictibettravel.com\/de\/wp-json\/wp\/v2\/comments?post=6782"}],"version-history":[{"count":1,"href":"https:\/\/www.enigmatictibettravel.com\/de\/wp-json\/wp\/v2\/pages\/6782\/revisions"}],"predecessor-version":[{"id":8047,"href":"https:\/\/www.enigmatictibettravel.com\/de\/wp-json\/wp\/v2\/pages\/6782\/revisions\/8047"}],"wp:attachment":[{"href":"https:\/\/www.enigmatictibettravel.com\/de\/wp-json\/wp\/v2\/media?parent=6782"}],"curies":[{"name":"wp","href":"https:\/\/api.w.org\/{rel}","templated":true}]}}